{"id":138,"date":"2025-05-29T15:30:32","date_gmt":"2025-05-29T15:30:32","guid":{"rendered":"https:\/\/fundacionqa.org\/?page_id=138"},"modified":"2025-06-21T14:16:45","modified_gmt":"2025-06-21T14:16:45","slug":"about-us","status":"publish","type":"page","link":"https:\/\/fundacionqa.org\/es\/about-us\/","title":{"rendered":"Nosotros"},"content":{"rendered":"<p>[et_pb_section fb_built=&#8221;1&#8243; _builder_version=&#8221;4.27.4&#8243; _module_preset=&#8221;default&#8221; global_colors_info=&#8221;{}&#8221;][et_pb_row _builder_version=&#8221;4.27.4&#8243; _module_preset=&#8221;default&#8221; global_colors_info=&#8221;{}&#8221;][et_pb_column type=&#8221;4_4&#8243; _builder_version=&#8221;4.27.4&#8243; _module_preset=&#8221;default&#8221; global_colors_info=&#8221;{}&#8221;][et_pb_text _builder_version=&#8221;4.27.4&#8243; _module_preset=&#8221;default&#8221; text_font=&#8221;&#8211;et_global_body_font||||||||&#8221; text_font_size=&#8221;22px&#8221; text_orientation=&#8221;justified&#8221; global_colors_info=&#8221;{}&#8221;]<\/p>\n<h1 style=\"text-align: center;\"><span style=\"color: #99cc00;\"><strong>Nosotros<\/strong><\/span><\/h1>\n<p>Bajo la visi\u00f3n y misi\u00f3n de nuestro fundador, Joel Quintanilla Amaya, nos destacamos como una organizaci\u00f3n comprometida con el desarrollo integral y el mejoramiento de la calidad de vida de comunidades, familias y personas en diversos niveles de vulnerabilidad. Nuestro trabajo se basa en cuatro \u00e1reas clave de ejecuci\u00f3n de proyectos: salud, educaci\u00f3n, integraci\u00f3n social y cuidado del medio ambiente.\n\n\nLa Fundaci\u00f3n Quintanilla Amaya se distingue por su colaboraci\u00f3n con diversos grupos y alianzas con diversas organizaciones que buscan un desarrollo transformador en las poblaciones donde se ejecutan los proyectos. <strong>health, education, social integration, and the environmental care.<\/strong><\/p>\n<p>La Fundaci\u00f3n Quintanilla Amaya se distingue por su colaboraci\u00f3n con diversos grupos y alianzas con diversas organizaciones que buscan un desarrollo transformador en las poblaciones donde se ejecutan los proyectos.<\/p>\n<p>[\/et_pb_text][\/et_pb_column][\/et_pb_row][et_pb_row column_structure=&#8221;1_2,1_2&#8243; _builder_version=&#8221;4.27.4&#8243; _module_preset=&#8221;default&#8221; global_colors_info=&#8221;{}&#8221;][et_pb_column type=&#8221;1_2&#8243; _builder_version=&#8221;4.27.4&#8243; _module_preset=&#8221;default&#8221; global_colors_info=&#8221;{}&#8221;][et_pb_image src=&#8221;https:\/\/fundacionqa.org\/wp-content\/uploads\/2025\/06\/joel-quintanilla.png&#8221; title_text=&#8221;joel-quintanilla&#8221; _builder_version=&#8221;4.27.4&#8243; _module_preset=&#8221;default&#8221; global_colors_info=&#8221;{}&#8221;][\/et_pb_image][\/et_pb_column][et_pb_column type=&#8221;1_2&#8243; _builder_version=&#8221;4.27.4&#8243; _module_preset=&#8221;default&#8221; global_colors_info=&#8221;{}&#8221;][et_pb_text _builder_version=&#8221;4.27.4&#8243; _module_preset=&#8221;default&#8221; text_font_size=&#8221;25px&#8221; text_orientation=&#8221;justified&#8221; inline_fonts=&#8221;Poppins&#8221; global_colors_info=&#8221;{}&#8221;]<\/p>\n<h1><span style=\"font-size: xx-large; font-family: Poppins; font-weight: normal;\"><strong><span style=\"color: #99cc00;\">Nuestro Fundador<\/span><\/strong><\/span><\/h1>\n<p>El Lic. Joel Quintanilla Amaya posee estudios superiores en teolog\u00eda y misiones. Es especialista en consultor\u00eda financiera y restauraci\u00f3n de empresas en quiebra. Actualmente cursa una segunda licenciatura en teolog\u00eda con especializaci\u00f3n en ministerios pastorales, la cual se enfoca en un enfoque hol\u00edstico que integra el trabajo social y la espiritualidad, elemento considerado por la OMS como un aspecto fundamental de la salud.<\/p>\n<p><span style=\"color: #99cc00;\">\u00abTransformar tu forma de pensar para cambiar tu forma de vivir\u00bb. - Licenciado Quintanilla.<\/span><\/p>\n<p>[\/et_pb_text][\/et_pb_column][\/et_pb_row][et_pb_row _builder_version=&#8221;4.27.4&#8243; _module_preset=&#8221;default&#8221; global_colors_info=&#8221;{}&#8221;][et_pb_column type=&#8221;4_4&#8243; _builder_version=&#8221;4.27.4&#8243; _module_preset=&#8221;default&#8221; global_colors_info=&#8221;{}&#8221;][et_pb_text _builder_version=&#8221;4.27.4&#8243; _module_preset=&#8221;default&#8221; global_colors_info=&#8221;{}&#8221;]<\/p>\n<h1 style=\"text-align: center;\"><strong><span style=\"color: #99cc00;\">FOMENTAMOS EL BIENESTAR DE LAS COMUNIDADES <\/span><\/strong><\/h1>\n<h1 style=\"text-align: center;\"><strong><span style=\"color: #99cc00;\">VULNERABLES A TRAV\u00c9S DE NUESTROS PROYECTOS<\/span><\/strong><\/h1>\n<p>[\/et_pb_text][\/et_pb_column][\/et_pb_row][et_pb_row _builder_version=&#8221;4.27.4&#8243; _module_preset=&#8221;default&#8221; global_colors_info=&#8221;{}&#8221;][et_pb_column type=&#8221;4_4&#8243; _builder_version=&#8221;4.27.4&#8243; _module_preset=&#8221;default&#8221; global_colors_info=&#8221;{}&#8221;][et_pb_image src=&#8221;https:\/\/fundacionqa.org\/wp-content\/uploads\/2025\/06\/20240510_190831000_iOS.png&#8221; title_text=&#8221;20240510_190831000_iOS&#8221; _builder_version=&#8221;4.27.4&#8243; _module_preset=&#8221;default&#8221; global_colors_info=&#8221;{}&#8221;][\/et_pb_image][\/et_pb_column][\/et_pb_row][et_pb_row _builder_version=&#8221;4.27.4&#8243; _module_preset=&#8221;default&#8221; global_colors_info=&#8221;{}&#8221;][et_pb_column type=&#8221;4_4&#8243; _builder_version=&#8221;4.27.4&#8243; _module_preset=&#8221;default&#8221; global_colors_info=&#8221;{}&#8221;][et_pb_text _builder_version=&#8221;4.27.4&#8243; _module_preset=&#8221;default&#8221; text_font_size=&#8221;17px&#8221; global_colors_info=&#8221;{}&#8221;]<\/p>\n<p style=\"text-align: center;\">Transformamos realidades, construimos esperanza y sembramos un<\/p>\n<p style=\"text-align: center;\">futuro digno para todos aquellos que necesitan una mano amiga.<\/p>\n<p>[\/et_pb_text][\/et_pb_column][\/et_pb_row][et_pb_row column_structure=&#8221;1_2,1_2&#8243; _builder_version=&#8221;4.27.4&#8243; _module_preset=&#8221;default&#8221; global_colors_info=&#8221;{}&#8221;][et_pb_column type=&#8221;1_2&#8243; _builder_version=&#8221;4.27.4&#8243; _module_preset=&#8221;default&#8221; global_colors_info=&#8221;{}&#8221;][et_pb_text _builder_version=&#8221;4.27.4&#8243; _module_preset=&#8221;default&#8221; text_font=&#8221;&#8211;et_global_body_font||||||||&#8221; text_font_size=&#8221;25px&#8221; header_font=&#8221;&#8211;et_global_body_font||||||||&#8221; global_colors_info=&#8221;{}&#8221;]<\/p>\n<h1><span style=\"color: #99cc00;\"><strong>Nuestra Historia<\/strong><\/span><\/h1>\n<p style=\"text-align: justify;\">La Fundaci\u00f3n Quintanilla Amaya naci\u00f3 del coraz\u00f3n de un hijo de pastor de tercera generaci\u00f3n, inspirado por sus padres, quienes, a pesar de carecer de formaci\u00f3n profesional, se convirtieron en fil\u00e1ntropos de los marginados de su comunidad rural.<\/p>\n<p style=\"text-align: justify;\">El fundador de la organizaci\u00f3n busca satisfacer las necesidades b\u00e1sicas de los seres humanos, independientemente de su sexo, edad, etnia, religi\u00f3n, afiliaci\u00f3n pol\u00edtica o clase social. En una sociedad en la que la pobreza multidimensional es el principal reto, nuestra organizaci\u00f3n aspira a lograr la transformaci\u00f3n, empezando por la forma de pensar de las personas y, en \u00faltima instancia, cambiando su forma de vivir.<\/p>\n<p>[\/et_pb_text][\/et_pb_column][et_pb_column type=&#8221;1_2&#8243; _builder_version=&#8221;4.27.4&#8243; _module_preset=&#8221;default&#8221; global_colors_info=&#8221;{}&#8221;][et_pb_image src=&#8221;https:\/\/fundacionqa.org\/wp-content\/uploads\/2025\/06\/20250326_165248000_iOS_.png&#8221; title_text=&#8221;20250326_165248000_iOS_&#8221; _builder_version=&#8221;4.27.4&#8243; _module_preset=&#8221;default&#8221; global_colors_info=&#8221;{}&#8221;][\/et_pb_image][\/et_pb_column][\/et_pb_row][et_pb_row column_structure=&#8221;1_2,1_2&#8243; _builder_version=&#8221;4.27.4&#8243; _module_preset=&#8221;default&#8221; global_colors_info=&#8221;{}&#8221;][et_pb_column type=&#8221;1_2&#8243; _builder_version=&#8221;4.27.4&#8243; _module_preset=&#8221;default&#8221; global_colors_info=&#8221;{}&#8221;][et_pb_image src=&#8221;https:\/\/fundacionqa.org\/wp-content\/uploads\/2025\/06\/02-ABOUT-US.png&#8221; title_text=&#8221;02-ABOUT-US&#8221; _builder_version=&#8221;4.27.4&#8243; _module_preset=&#8221;default&#8221; global_colors_info=&#8221;{}&#8221;][\/et_pb_image][\/et_pb_column][et_pb_column type=&#8221;1_2&#8243; _builder_version=&#8221;4.27.4&#8243; _module_preset=&#8221;default&#8221; global_colors_info=&#8221;{}&#8221;][et_pb_text _builder_version=&#8221;4.27.4&#8243; _module_preset=&#8221;default&#8221; text_font_size=&#8221;25px&#8221; global_colors_info=&#8221;{}&#8221;]<\/p>\n<p style=\"text-align: justify;\">Desde temprana edad, trabaj\u00f3 para crear redes de apoyo comunitario, compartiendo la cosecha de sus tierras con sus vecinos. En su adolescencia, empez\u00f3 a construir su patrimonio con el objetivo de servir a los dem\u00e1s. Con el tiempo, a medida que su trabajo social ganaba estabilidad, decidi\u00f3 establecer una organizaci\u00f3n que proporcionara asistencia integral y promoviera un desarrollo transformador y sostenible.<\/p>\n<p style=\"text-align: justify;\">As\u00ed naci\u00f3 la Fundaci\u00f3n Quintanilla Amaya, una organizaci\u00f3n sin \u00e1nimo de lucro comprometida con el apoyo a los m\u00e1s necesitados, fomentando una cultura de paz e inclusi\u00f3n basada en principios b\u00edblicos.<\/p>\n<p>[\/et_pb_text][\/et_pb_column][\/et_pb_row][et_pb_row column_structure=&#8221;1_2,1_2&#8243; _builder_version=&#8221;4.27.4&#8243; _module_preset=&#8221;default&#8221; background_color=&#8221;#82ba2e&#8221; custom_padding=&#8221;|47px||||&#8221; global_colors_info=&#8221;{}&#8221;][et_pb_column type=&#8221;1_2&#8243; _builder_version=&#8221;4.27.4&#8243; _module_preset=&#8221;default&#8221; global_colors_info=&#8221;{}&#8221;][et_pb_image src=&#8221;https:\/\/fundacionqa.org\/wp-content\/uploads\/2025\/06\/7.png&#8221; title_text=&#8221;texto&#8221; _builder_version=&#8221;4.27.4&#8243; _module_preset=&#8221;default&#8221; custom_padding=&#8221;|||24px||&#8221; hover_enabled=&#8221;0&#8243; global_colors_info=&#8221;{}&#8221; sticky_enabled=&#8221;0&#8243;][\/et_pb_image][\/et_pb_column][et_pb_column type=&#8221;1_2&#8243; _builder_version=&#8221;4.27.4&#8243; _module_preset=&#8221;default&#8221; global_colors_info=&#8221;{}&#8221;][et_pb_text _builder_version=&#8221;4.27.4&#8243; _module_preset=&#8221;default&#8221; text_text_color=&#8221;#FFFFFF&#8221; custom_margin=&#8221;|-36px||||&#8221; custom_padding=&#8221;|||33px||&#8221; global_colors_info=&#8221;{}&#8221;]<\/p>\n<p style=\"text-align: justify;\">La Fundaci\u00f3n Quintanilla Amaya alinea su trabajo con los Objetivos de Desarrollo Sostenible (ODS) de la ONU, contribuyendo a la Agenda 2030, que busca erradicar la pobreza, proteger el planeta y asegurar la prosperidad para todos. A trav\u00e9s de nuestros proyectos en salud, educaci\u00f3n, inclusi\u00f3n social y cuidado del medio ambiente, promovemos el desarrollo sostenible e integral.<\/p>\n<p>[\/et_pb_text][\/et_pb_column][\/et_pb_row][et_pb_row _builder_version=&#8221;4.27.4&#8243; _module_preset=&#8221;default&#8221; custom_margin=&#8221;0px||0px||false|false&#8221; custom_padding=&#8221;0px||0px||false|false&#8221; global_colors_info=&#8221;{}&#8221;][et_pb_column type=&#8221;4_4&#8243; _builder_version=&#8221;4.27.4&#8243; _module_preset=&#8221;default&#8221; global_colors_info=&#8221;{}&#8221;][\/et_pb_column][\/et_pb_row][et_pb_row column_structure=&#8221;1_2,1_2&#8243; make_equal=&#8221;on&#8221; _builder_version=&#8221;4.27.4&#8243; _module_preset=&#8221;default&#8221; background_color=&#8221;#82ba2e&#8221; global_colors_info=&#8221;{}&#8221;][et_pb_column type=&#8221;1_2&#8243; _builder_version=&#8221;4.27.4&#8243; _module_preset=&#8221;default&#8221; global_colors_info=&#8221;{}&#8221;][et_pb_image src=&#8221;https:\/\/fundacionqa.org\/wp-content\/uploads\/2025\/06\/6.png&#8221; title_text=&#8221;6&#8243; _builder_version=&#8221;4.27.4&#8243; _module_preset=&#8221;default&#8221; global_colors_info=&#8221;{}&#8221;][\/et_pb_image][\/et_pb_column][et_pb_column type=&#8221;1_2&#8243; _builder_version=&#8221;4.27.4&#8243; _module_preset=&#8221;default&#8221; global_colors_info=&#8221;{}&#8221;][et_pb_text _builder_version=&#8221;4.27.4&#8243; _module_preset=&#8221;default&#8221; text_font=&#8221;&#8211;et_global_body_font||||||||&#8221; text_text_color=&#8221;#FFFFFF&#8221; header_text_align=&#8221;left&#8221; transform_scale_tablet=&#8221;&#8221; transform_scale_phone=&#8221;&#8221; transform_scale_last_edited=&#8221;on|desktop&#8221; transform_translate=&#8221;-20px|122px&#8221; transform_translate_tablet=&#8221;6px|-23px&#8221; transform_translate_phone=&#8221;3px|-11px&#8221; transform_translate_last_edited=&#8221;on|desktop&#8221; transform_rotate_tablet=&#8221;&#8221; transform_rotate_phone=&#8221;&#8221; transform_rotate_last_edited=&#8221;on|desktop&#8221; transform_skew_tablet=&#8221;&#8221; transform_skew_phone=&#8221;&#8221; transform_skew_last_edited=&#8221;on|desktop&#8221; transform_origin_tablet=&#8221;&#8221; transform_origin_phone=&#8221;&#8221; transform_origin_last_edited=&#8221;on|desktop&#8221; transform_styles_last_edited=&#8221;on|desktop&#8221; custom_margin=&#8221;|||12px|false|false&#8221; custom_padding=&#8221;||||false|false&#8221; transform_styles_tablet=&#8221;&#8221; transform_styles_phone=&#8221;&#8221; global_colors_info=&#8221;{}&#8221;]<\/p>\n<p><strong>PROGRAMA DE VOLUNTARIADO<\/strong><\/p>\n<p>Puedes visitar nuestras instalaciones en El Salvador, donde podr\u00e1s conocer nuestros albergues y ayudar a cada familia necesitada, con insumos b\u00e1sicos, granos b\u00e1sicos, alimentos, ropa usada o nueva, y art\u00edculos de uso personal.\n\nTambi\u00e9n, puedes unirte a nosotros y contribuir activamente, participando en nuestro programa de voluntariado en cualquiera de nuestros ejes que se desarrollan a nivel nacional.<\/p>\n<p>[\/et_pb_text][\/et_pb_column][\/et_pb_row][\/et_pb_section]<\/p>","protected":false},"excerpt":{"rendered":"<p>ABOUT US Under the vision and mission of our founder, Joel Quintanilla Amaya, we stand out as an organization committed to the comprehensive development and improvement of the quality of life for communities, families, and individuals in various levels of vulnerability. Our work is based on four key areas of project execution: health, education, social integration, and the environmental care. Quintanilla Amaya Foundation is distinguished by its collaboration with diverse groups and partnerships with various organizations that seek transformative development in the populations where projects are implemented.OUR FOUNDER Mr. Joel Quintanilla Amaya holds higher education studies in theology and missions. He is a specialist in financial consulting and the restoration of bankrupt companies. Currently, he is pursuing a second degree in theology with a specialization in pastoral ministries, which focuses on a holistic approach that integrates social work and spirituality, an element considered by the WHO as a fundamental aspect of health. &#8220;Transforming your way of thinking to change your way of living.&#8221; \u2013 Licenciado Quintanilla.WE PROMOTE THE WELL-BEING OF VULNERABLE COMMUNITIES THROUGH OUR PROJECTSWe transform realities, build hope, and sow a dignified future for all those in need for a helping handOUR HISTORY Fundaci\u00f3n Quintanilla Amaya was born from [&hellip;]<\/p>","protected":false},"author":1,"featured_media":0,"parent":0,"menu_order":0,"comment_status":"closed","ping_status":"closed","template":"","meta":{"_et_pb_use_builder":"on","_et_pb_old_content":"","_et_gb_content_width":"","footnotes":""},"class_list":["post-138","page","type-page","status-publish","hentry"],"_links":{"self":[{"href":"https:\/\/fundacionqa.org\/es\/wp-json\/wp\/v2\/pages\/138","targetHints":{"allow":["GET"]}}],"collection":[{"href":"https:\/\/fundacionqa.org\/es\/wp-json\/wp\/v2\/pages"}],"about":[{"href":"https:\/\/fundacionqa.org\/es\/wp-json\/wp\/v2\/types\/page"}],"author":[{"embeddable":true,"href":"https:\/\/fundacionqa.org\/es\/wp-json\/wp\/v2\/users\/1"}],"replies":[{"embeddable":true,"href":"https:\/\/fundacionqa.org\/es\/wp-json\/wp\/v2\/comments?post=138"}],"version-history":[{"count":4,"href":"https:\/\/fundacionqa.org\/es\/wp-json\/wp\/v2\/pages\/138\/revisions"}],"predecessor-version":[{"id":372,"href":"https:\/\/fundacionqa.org\/es\/wp-json\/wp\/v2\/pages\/138\/revisions\/372"}],"wp:attachment":[{"href":"https:\/\/fundacionqa.org\/es\/wp-json\/wp\/v2\/media?parent=138"}],"curies":[{"name":"wp","href":"https:\/\/api.w.org\/{rel}","templated":true}]}}