{"id":198,"date":"2025-06-05T03:24:21","date_gmt":"2025-06-05T03:24:21","guid":{"rendered":"https:\/\/fundacionqa.org\/?page_id=198"},"modified":"2025-06-06T03:59:16","modified_gmt":"2025-06-06T03:59:16","slug":"education-projects","status":"publish","type":"page","link":"https:\/\/fundacionqa.org\/es\/education-projects\/","title":{"rendered":"Desarrollo y\nBienestar Social"},"content":{"rendered":"<p>[et_pb_section fb_built=&#8221;1&#8243; _builder_version=&#8221;4.27.4&#8243; _module_preset=&#8221;default&#8221; global_colors_info=&#8221;{}&#8221;][et_pb_row _builder_version=&#8221;4.27.4&#8243; _module_preset=&#8221;default&#8221; global_colors_info=&#8221;{}&#8221;][et_pb_column type=&#8221;4_4&#8243; _builder_version=&#8221;4.27.4&#8243; _module_preset=&#8221;default&#8221; global_colors_info=&#8221;{}&#8221;][et_pb_text _builder_version=&#8221;4.27.4&#8243; _module_preset=&#8221;default&#8221; text_font=&#8221;&#8211;et_global_body_font||||||||&#8221; text_font_size=&#8221;19px&#8221; text_orientation=&#8221;center&#8221; custom_margin=&#8221;|10px||10px|false|true&#8221; global_colors_info=&#8221;{}&#8221;]<\/p>\n<h1><span style=\"color: #99cc00;\">DESARROLLO YBIENESTAR SOCIAL<\/span><\/h1>\n<p style=\"text-align: justify;\">La Fundaci\u00f3n Quintanilla Amaya promueve la cohesi\u00f3n social y la igualdad a trav\u00e9s de proyectos que reducen la discriminaci\u00f3n y previenen la exclusi\u00f3n. Nuestro objetivo es fortalecer el tejido social creando espacios donde cada individuo se sienta valorado. A trav\u00e9s de iniciativas como el empoderamiento de la mujer, ferias comunitarias, oportunidades laborales para j\u00f3venes, adultos y personas con discapacidad, as\u00ed como talleres de liderazgo, apoyamos a emprendedores locales con formaci\u00f3n, asesoramiento financiero y acceso a recursos para el desarrollo empresarial.<\/p>\n<p>[\/et_pb_text][\/et_pb_column][\/et_pb_row][et_pb_row column_structure=&#8221;1_2,1_2&#8243; _builder_version=&#8221;4.27.4&#8243; _module_preset=&#8221;default&#8221; background_color=&#8221;#82ba2e&#8221; global_colors_info=&#8221;{}&#8221;][et_pb_column type=&#8221;1_2&#8243; _builder_version=&#8221;4.27.4&#8243; _module_preset=&#8221;default&#8221; global_colors_info=&#8221;{}&#8221;][et_pb_text _builder_version=&#8221;4.27.4&#8243; _module_preset=&#8221;default&#8221; text_font=&#8221;&#8211;et_global_body_font||||||||&#8221; text_text_color=&#8221;#FFFFFF&#8221; text_font_size=&#8221;16px&#8221; transform_scale_tablet=&#8221;&#8221; transform_scale_phone=&#8221;&#8221; transform_scale_last_edited=&#8221;on|desktop&#8221; transform_scale_linked=&#8221;off&#8221; transform_translate=&#8221;30px|99px&#8221; transform_translate_tablet=&#8221;0px|0px&#8221; transform_translate_phone=&#8221;0px|0px&#8221; transform_translate_last_edited=&#8221;on|desktop&#8221; transform_translate_linked=&#8221;off&#8221; transform_rotate_tablet=&#8221;&#8221; transform_rotate_phone=&#8221;&#8221; transform_rotate_last_edited=&#8221;on|desktop&#8221; transform_skew_tablet=&#8221;&#8221; transform_skew_phone=&#8221;&#8221; transform_skew_last_edited=&#8221;on|desktop&#8221; transform_origin_tablet=&#8221;&#8221; transform_origin_phone=&#8221;&#8221; transform_origin_last_edited=&#8221;on|desktop&#8221; transform_styles_last_edited=&#8221;on|desktop&#8221; custom_margin=&#8221;|10px||10px|false|false&#8221; transform_styles_tablet=&#8221;&#8221; transform_styles_phone=&#8221;&#8221; global_colors_info=&#8221;{}&#8221;]<\/p>\n<h1><span style=\"color: #ffffff;\">Programas de<\/span><br \/><span style=\"color: #ffffff;\">DE\nHABILIDADES<\/span><\/h1>\n<p style=\"text-align: justify;\">Colaboramos con las partes interesadas locales para poner en marcha programas de inclusi\u00f3n laboral centrados en la contrataci\u00f3n equitativa de mujeres y empresarios de comunidades rurales o periurbanas. Ponemos en contacto a empresarios con candidatos cualificados, contribuyendo a la diversificaci\u00f3n y el fortalecimiento de la mano de obra local.<\/p>\n<p>[\/et_pb_text][\/et_pb_column][et_pb_column type=&#8221;1_2&#8243; _builder_version=&#8221;4.27.4&#8243; _module_preset=&#8221;default&#8221; global_colors_info=&#8221;{}&#8221;][et_pb_image src=&#8221;https:\/\/fundacionqa.org\/wp-content\/uploads\/2025\/06\/inclusion-laboral.jpg&#8221; title_text=&#8221;inclusion laboral&#8221; _builder_version=&#8221;4.27.4&#8243; _module_preset=&#8221;default&#8221; custom_margin=&#8221;|10px||10px|false|false&#8221; global_colors_info=&#8221;{}&#8221;][\/et_pb_image][\/et_pb_column][\/et_pb_row][et_pb_row column_structure=&#8221;1_2,1_2&#8243; _builder_version=&#8221;4.27.4&#8243; _module_preset=&#8221;default&#8221; background_color=&#8221;#82ba2e&#8221; global_colors_info=&#8221;{}&#8221;][et_pb_column type=&#8221;1_2&#8243; _builder_version=&#8221;4.27.4&#8243; _module_preset=&#8221;default&#8221; global_colors_info=&#8221;{}&#8221;][et_pb_image src=&#8221;https:\/\/fundacionqa.org\/wp-content\/uploads\/2025\/06\/06-SOCIAL-INTEGRATION.png&#8221; title_text=&#8221;06-SOCIAL-INTEGRATION&#8221; force_fullwidth=&#8221;on&#8221; _builder_version=&#8221;4.27.4&#8243; _module_preset=&#8221;default&#8221; transform_translate_linked=&#8221;off&#8221; custom_margin=&#8221;|||10px|false|false&#8221; global_colors_info=&#8221;{}&#8221;][\/et_pb_image][\/et_pb_column][et_pb_column type=&#8221;1_2&#8243; _builder_version=&#8221;4.27.4&#8243; _module_preset=&#8221;default&#8221; global_colors_info=&#8221;{}&#8221;][et_pb_text _builder_version=&#8221;4.27.4&#8243; _module_preset=&#8221;default&#8221; text_font=&#8221;&#8211;et_global_body_font||||||||&#8221; text_text_color=&#8221;#FFFFFF&#8221; transform_scale_tablet=&#8221;&#8221; transform_scale_phone=&#8221;&#8221; transform_scale_last_edited=&#8221;on|desktop&#8221; transform_translate=&#8221;-17px|61px&#8221; transform_translate_tablet=&#8221;0px|0px&#8221; transform_translate_phone=&#8221;0px|0px&#8221; transform_translate_last_edited=&#8221;on|desktop&#8221; transform_translate_linked=&#8221;off&#8221; transform_rotate_tablet=&#8221;&#8221; transform_rotate_phone=&#8221;&#8221; transform_rotate_last_edited=&#8221;on|desktop&#8221; transform_skew_tablet=&#8221;&#8221; transform_skew_phone=&#8221;&#8221; transform_skew_last_edited=&#8221;on|desktop&#8221; transform_origin_tablet=&#8221;&#8221; transform_origin_phone=&#8221;&#8221; transform_origin_last_edited=&#8221;on|desktop&#8221; transform_styles_last_edited=&#8221;on|desktop&#8221; custom_margin=&#8221;|10px||10px|false|false&#8221; transform_styles_tablet=&#8221;&#8221; transform_styles_phone=&#8221;&#8221; global_colors_info=&#8221;{}&#8221;]<\/p>\n<h1><span style=\"color: #ffffff;\">PROGRAMAS DE\nDESARROLLO<\/span><br \/><span style=\"color: #ffffff;\">DE\nHABILIDADES<\/span><\/h1>\n<p style=\"text-align: justify;\">Ponemos en pr\u00e1ctica programas dise\u00f1ados para reforzar habilidades esenciales para el \u00e9xito personal y profesional. Entre ellas se incluyen la comunicaci\u00f3n eficaz, el pensamiento cr\u00edtico, la resoluci\u00f3n de problemas, el trabajo en equipo y las competencias clave relacionadas con el trabajo. Nuestro objetivo es capacitar a las personas para afrontar los retos de la vida mediante el aprendizaje pr\u00e1ctico, como la conducci\u00f3n de veh\u00edculos, el trabajo de campo en comunidades, el uso de la tecnolog\u00eda de materiales de construcci\u00f3n y las habilidades administrativas.<\/p>\n<p>[\/et_pb_text][\/et_pb_column][\/et_pb_row][et_pb_row column_structure=&#8221;1_2,1_2&#8243; _builder_version=&#8221;4.27.4&#8243; _module_preset=&#8221;default&#8221; background_color=&#8221;#82ba2e&#8221; locked=&#8221;off&#8221; global_colors_info=&#8221;{}&#8221;][et_pb_column type=&#8221;1_2&#8243; _builder_version=&#8221;4.27.4&#8243; _module_preset=&#8221;default&#8221; global_colors_info=&#8221;{}&#8221;][et_pb_text _builder_version=&#8221;4.27.4&#8243; _module_preset=&#8221;default&#8221; text_font=&#8221;&#8211;et_global_body_font||||||||&#8221; text_text_color=&#8221;#FFFFFF&#8221; text_font_size=&#8221;16px&#8221; transform_scale_tablet=&#8221;&#8221; transform_scale_phone=&#8221;&#8221; transform_scale_last_edited=&#8221;on|desktop&#8221; transform_translate=&#8221;33px|18px&#8221; transform_translate_tablet=&#8221;0px|0px&#8221; transform_translate_phone=&#8221;0px|0px&#8221; transform_translate_last_edited=&#8221;on|desktop&#8221; transform_translate_linked=&#8221;off&#8221; transform_rotate_tablet=&#8221;&#8221; transform_rotate_phone=&#8221;&#8221; transform_rotate_last_edited=&#8221;on|desktop&#8221; transform_skew_tablet=&#8221;&#8221; transform_skew_phone=&#8221;&#8221; transform_skew_last_edited=&#8221;on|desktop&#8221; transform_origin_tablet=&#8221;&#8221; transform_origin_phone=&#8221;&#8221; transform_origin_last_edited=&#8221;on|desktop&#8221; transform_styles_last_edited=&#8221;on|desktop&#8221; custom_margin=&#8221;|10px||10px|false|false&#8221; transform_styles_tablet=&#8221;&#8221; transform_styles_phone=&#8221;&#8221; global_colors_info=&#8221;{}&#8221;]<\/p>\n<h1><span style=\"color: #ffffff;\"><strong>Albergues<\/strong><\/span><\/h1>\n<p style=\"text-align: justify;\">Disponemos de un total de siete refugios: seis situados en la regi\u00f3n central y uno en una zona rural. Estos espacios est\u00e1n dise\u00f1ados para proporcionar refugio y asistencia a los necesitados. Nuestro fundador mantiene a seis familias en los siete refugios, cumpliendo su visi\u00f3n y misi\u00f3n al proporcionarles ayuda esencial y ayudarles a integrarse en la sociedad como agentes de cambio para muchas m\u00e1s familias.<\/p>\n<p>[\/et_pb_text][\/et_pb_column][et_pb_column type=&#8221;1_2&#8243; _builder_version=&#8221;4.27.4&#8243; _module_preset=&#8221;default&#8221; global_colors_info=&#8221;{}&#8221;][et_pb_image src=&#8221;https:\/\/fundacionqa.org\/wp-content\/uploads\/2025\/06\/23.png&#8221; title_text=&#8221;23&#8243; _builder_version=&#8221;4.27.4&#8243; _module_preset=&#8221;default&#8221; custom_margin=&#8221;|10px||10px|false|false&#8221; global_colors_info=&#8221;{}&#8221;][\/et_pb_image][\/et_pb_column][\/et_pb_row][\/et_pb_section]<\/p>","protected":false},"excerpt":{"rendered":"<p>DEVELOPEMENT &amp; SOCIAL WELLNESS The Quintanilla Amaya Foundation promotes social cohesion and equality through projects that reduce discrimination and prevent exclusion. Our goal is to strengthen the social fabric by creating spaces where every individual feels valued. Through initiatives such as women\u2019s empowerment, community fairs, job opportunities for youth, adults, and people with disabilities, as well as leadership workshops, we support local entrepreneurs with training, financial advice, and access to resources for business development.LABOR INCLUSIONPROGRAMS We collaborate with local stakeholders to implement labor inclusion programs focused on equitable hiring of women and entrepreneurs from rural or peri-urban communities. We connect employers with qualified candidates, contributing to the diversification and strengthening of the local workforce.SKILL DEVELOPMENTPROGRAMS We implement programs designed to strengthen essential skills for personal and professional success. These include effective communication, critical thinking, problem-solving, teamwork, and key job-related competencies. Our goal is to empower individuals to face life\u2019s challenges through practical learning, such as driving, fieldwork in communities, the use of construction materials technology, and administrative skills.SHELTERS We have a total of seven shelters available\u2014six located in the central region and one in a rural area. These spaces are designed to provide refuge and assistance to those in need. [&hellip;]<\/p>","protected":false},"author":4,"featured_media":0,"parent":0,"menu_order":0,"comment_status":"closed","ping_status":"closed","template":"","meta":{"_et_pb_use_builder":"on","_et_pb_old_content":"","_et_gb_content_width":"","footnotes":""},"class_list":["post-198","page","type-page","status-publish","hentry"],"_links":{"self":[{"href":"https:\/\/fundacionqa.org\/es\/wp-json\/wp\/v2\/pages\/198","targetHints":{"allow":["GET"]}}],"collection":[{"href":"https:\/\/fundacionqa.org\/es\/wp-json\/wp\/v2\/pages"}],"about":[{"href":"https:\/\/fundacionqa.org\/es\/wp-json\/wp\/v2\/types\/page"}],"author":[{"embeddable":true,"href":"https:\/\/fundacionqa.org\/es\/wp-json\/wp\/v2\/users\/4"}],"replies":[{"embeddable":true,"href":"https:\/\/fundacionqa.org\/es\/wp-json\/wp\/v2\/comments?post=198"}],"version-history":[{"count":10,"href":"https:\/\/fundacionqa.org\/es\/wp-json\/wp\/v2\/pages\/198\/revisions"}],"predecessor-version":[{"id":261,"href":"https:\/\/fundacionqa.org\/es\/wp-json\/wp\/v2\/pages\/198\/revisions\/261"}],"wp:attachment":[{"href":"https:\/\/fundacionqa.org\/es\/wp-json\/wp\/v2\/media?parent=198"}],"curies":[{"name":"wp","href":"https:\/\/api.w.org\/{rel}","templated":true}]}}