{"id":219,"date":"2025-06-06T01:49:26","date_gmt":"2025-06-06T01:49:26","guid":{"rendered":"https:\/\/fundacionqa.org\/?page_id=219"},"modified":"2025-06-06T03:25:25","modified_gmt":"2025-06-06T03:25:25","slug":"education-projects-2","status":"publish","type":"page","link":"https:\/\/fundacionqa.org\/es\/education-projects-2\/","title":{"rendered":"Medio Ambiente\ny Sostenibilidad"},"content":{"rendered":"<p>[et_pb_section fb_built=&#8221;1&#8243; _builder_version=&#8221;4.27.4&#8243; _module_preset=&#8221;default&#8221; global_colors_info=&#8221;{}&#8221;][et_pb_row _builder_version=&#8221;4.27.4&#8243; _module_preset=&#8221;default&#8221; global_colors_info=&#8221;{}&#8221;][et_pb_column type=&#8221;4_4&#8243; _builder_version=&#8221;4.27.4&#8243; _module_preset=&#8221;default&#8221; global_colors_info=&#8221;{}&#8221;][et_pb_text content_tablet=&#8221;<\/p>\n<h1><strong><span style=\"%22color:\" #99cc00;%22>HEALTH &#038; WELL-BEING PROJECTS<\/span><\/strong><\/h1>\n<p style=\"%22text-align:\" justify;%22>La Fundaci\u00f3n Quintanilla Amaya trabaja con la ayuda de profesionales y especialistas, con el objetivo de proporcionar a los m\u00e1s vulnerables un acceso equitativo a los servicios sanitarios. Destacamos por el seguimiento personal, la atenci\u00f3n a los retos y la gesti\u00f3n de los suministros m\u00e9dicos independientemente del momento de la emergencia.<\/p>\n<p>&#8221; content_phone=&#8221;<\/p>\n<h1><strong><span style=\"%22color:\" #99cc00;%22>HEALTH &#038; WELL-BEING PROJECTS<\/span><\/strong><\/h1>\n<p style=\"%22text-align:\" justify;%22>La Fundaci\u00f3n Quintanilla Amaya trabaja con la ayuda de profesionales y especialistas, con el objetivo de proporcionar a los m\u00e1s vulnerables un acceso equitativo a los servicios sanitarios. Destacamos por el seguimiento personal, la atenci\u00f3n a los retos y la gesti\u00f3n de los suministros m\u00e9dicos independientemente del momento de la emergencia.<\/p>\n<p>&#8221; content_last_edited=&#8221;on|phone&#8221; _builder_version=&#8221;4.27.4&#8243; _module_preset=&#8221;default&#8221; text_font=&#8221;&#8211;et_global_body_font||||||||&#8221; text_font_size=&#8221;20px&#8221; text_orientation=&#8221;center&#8221; custom_margin=&#8221;|10px||10px|false|true&#8221; hover_enabled=&#8221;0&#8243; global_colors_info=&#8221;{}&#8221; sticky_enabled=&#8221;0&#8243;]<\/p>\n<h1><span style=\"color: #99cc00;\">ENVIRONMENT &amp; SUSTAINABILITY PROJECTS<\/span><\/h1>\n<p style=\"text-align: justify;\">Nos centramos en la protecci\u00f3n del medio ambiente. Mediante iniciativas innovadoras, la prevenci\u00f3n y el cuidado del medio ambiente, promovemos pr\u00e1cticas sostenibles y concienciamos sobre la importancia de la conservaci\u00f3n y el cuidado del planeta.<\/p>\n<p>[\/et_pb_text][\/et_pb_column][\/et_pb_row][et_pb_row column_structure=&#8221;1_2,1_2&#8243; _builder_version=&#8221;4.27.4&#8243; _module_preset=&#8221;default&#8221; background_color=&#8221;#82ba2e&#8221; global_colors_info=&#8221;{}&#8221;][et_pb_column type=&#8221;1_2&#8243; _builder_version=&#8221;4.27.4&#8243; _module_preset=&#8221;default&#8221; global_colors_info=&#8221;{}&#8221;][et_pb_text _builder_version=&#8221;4.27.4&#8243; _module_preset=&#8221;default&#8221; text_font=&#8221;&#8211;et_global_body_font||||||||&#8221; text_text_color=&#8221;#FFFFFF&#8221; text_font_size=&#8221;16px&#8221; transform_scale_tablet=&#8221;&#8221; transform_scale_phone=&#8221;&#8221; transform_scale_last_edited=&#8221;on|desktop&#8221; transform_translate=&#8221;28px|68px&#8221; transform_translate_tablet=&#8221;0px|0px&#8221; transform_translate_phone=&#8221;0px|0px&#8221; transform_translate_last_edited=&#8221;on|desktop&#8221; transform_translate_linked=&#8221;off&#8221; transform_rotate_tablet=&#8221;&#8221; transform_rotate_phone=&#8221;&#8221; transform_rotate_last_edited=&#8221;on|desktop&#8221; transform_skew_tablet=&#8221;&#8221; transform_skew_phone=&#8221;&#8221; transform_skew_last_edited=&#8221;on|desktop&#8221; transform_origin_tablet=&#8221;&#8221; transform_origin_phone=&#8221;&#8221; transform_origin_last_edited=&#8221;on|desktop&#8221; transform_styles_last_edited=&#8221;on|desktop&#8221; custom_margin=&#8221;|10px||10px|false|false&#8221; hover_enabled=&#8221;0&#8243; transform_styles_tablet=&#8221;&#8221; transform_styles_phone=&#8221;&#8221; global_colors_info=&#8221;{}&#8221; sticky_enabled=&#8221;0&#8243;]<\/p>\n<h1><span style=\"color: #ffffff;\">RECICLAJE CREATIVO<\/span><\/h1>\n<p style=\"text-align: justify;\">Centrado en reducir el impacto ambiental, nuestro programa de reciclaje no s\u00f3lo promueve la separaci\u00f3n de residuos, sino que tambi\u00e9n fomenta la creatividad. A trav\u00e9s de talleres y eventos, inspiramos a las comunidades con las que trabajamos a transformar materiales reciclados en arte y objetos funcionales, demostrando que reciclar puede ser divertido y beneficioso para el medio ambiente.<\/p>\n<p>[\/et_pb_text][\/et_pb_column][et_pb_column type=&#8221;1_2&#8243; _builder_version=&#8221;4.27.4&#8243; _module_preset=&#8221;default&#8221; global_colors_info=&#8221;{}&#8221;][et_pb_image src=&#8221;https:\/\/fundacionqa.org\/wp-content\/uploads\/2025\/06\/20240510_075316000_iOS.jpg&#8221; title_text=&#8221;20240510_075316000_iOS&#8221; _builder_version=&#8221;4.27.4&#8243; _module_preset=&#8221;default&#8221; custom_margin=&#8221;|10px||10px|false|false&#8221; hover_enabled=&#8221;0&#8243; global_colors_info=&#8221;{}&#8221; sticky_enabled=&#8221;0&#8243;][\/et_pb_image][\/et_pb_column][\/et_pb_row][et_pb_row column_structure=&#8221;1_2,1_2&#8243; _builder_version=&#8221;4.27.4&#8243; _module_preset=&#8221;default&#8221; background_color=&#8221;#82ba2e&#8221; global_colors_info=&#8221;{}&#8221;][et_pb_column type=&#8221;1_2&#8243; _builder_version=&#8221;4.27.4&#8243; _module_preset=&#8221;default&#8221; global_colors_info=&#8221;{}&#8221;][et_pb_image src=&#8221;https:\/\/fundacionqa.org\/wp-content\/uploads\/2025\/06\/20240510_190831000_iOS.png&#8221; title_text=&#8221;20240510_190831000_iOS&#8221; _builder_version=&#8221;4.27.4&#8243; _module_preset=&#8221;default&#8221; custom_margin=&#8221;|||10px|false|false&#8221; hover_enabled=&#8221;0&#8243; global_colors_info=&#8221;{}&#8221; sticky_enabled=&#8221;0&#8243;][\/et_pb_image][\/et_pb_column][et_pb_column type=&#8221;1_2&#8243; _builder_version=&#8221;4.27.4&#8243; _module_preset=&#8221;default&#8221; global_colors_info=&#8221;{}&#8221;][et_pb_text _builder_version=&#8221;4.27.4&#8243; _module_preset=&#8221;default&#8221; text_font=&#8221;&#8211;et_global_body_font||||||||&#8221; text_text_color=&#8221;#FFFFFF&#8221; transform_scale_tablet=&#8221;&#8221; transform_scale_phone=&#8221;&#8221; transform_scale_last_edited=&#8221;on|desktop&#8221; transform_translate=&#8221;-20px|50px&#8221; transform_translate_tablet=&#8221;0px|0px&#8221; transform_translate_phone=&#8221;0px|0px&#8221; transform_translate_last_edited=&#8221;on|desktop&#8221; transform_translate_linked=&#8221;off&#8221; transform_rotate_tablet=&#8221;&#8221; transform_rotate_phone=&#8221;&#8221; transform_rotate_last_edited=&#8221;on|desktop&#8221; transform_skew_tablet=&#8221;&#8221; transform_skew_phone=&#8221;&#8221; transform_skew_last_edited=&#8221;on|desktop&#8221; transform_origin_tablet=&#8221;&#8221; transform_origin_phone=&#8221;&#8221; transform_origin_last_edited=&#8221;on|desktop&#8221; transform_styles_last_edited=&#8221;on|desktop&#8221; custom_margin=&#8221;|10px||10px|false|false&#8221; hover_enabled=&#8221;0&#8243; transform_styles_tablet=&#8221;&#8221; transform_styles_phone=&#8221;&#8221; global_colors_info=&#8221;{}&#8221; sticky_enabled=&#8221;0&#8243;]<\/p>\n<h1><span style=\"color: #ffffff;\"><strong>Finca LxJ <\/strong><\/span><br \/><span style=\"color: #ffffff;\"><strong>Granja\nautosostenible<\/strong><\/span><\/h1>\n<p style=\"text-align: justify;\">En nuestra granja autosostenible, apostamos por la innovaci\u00f3n utilizando materiales reciclados en su construcci\u00f3n y funcionamiento diario. Desde edificios construidos con materiales reutilizados hasta la reducci\u00f3n de la dependencia de recursos no renovables, destacamos las pr\u00e1cticas agr\u00edcolas sostenibles.<\/p>\n<p>[\/et_pb_text][\/et_pb_column][\/et_pb_row][et_pb_row column_structure=&#8221;1_2,1_2&#8243; _builder_version=&#8221;4.27.4&#8243; _module_preset=&#8221;default&#8221; background_color=&#8221;#82ba2e&#8221; locked=&#8221;off&#8221; global_colors_info=&#8221;{}&#8221;][et_pb_column type=&#8221;1_2&#8243; _builder_version=&#8221;4.27.4&#8243; _module_preset=&#8221;default&#8221; global_colors_info=&#8221;{}&#8221;][et_pb_text _builder_version=&#8221;4.27.4&#8243; _module_preset=&#8221;default&#8221; text_font=&#8221;&#8211;et_global_body_font||||||||&#8221; text_text_color=&#8221;#FFFFFF&#8221; text_font_size=&#8221;16px&#8221; transform_scale_tablet=&#8221;&#8221; transform_scale_phone=&#8221;&#8221; transform_scale_last_edited=&#8221;on|desktop&#8221; transform_translate=&#8221;30px|78px&#8221; transform_translate_tablet=&#8221;0px|0px&#8221; transform_translate_phone=&#8221;0px|0px&#8221; transform_translate_last_edited=&#8221;on|desktop&#8221; transform_translate_linked=&#8221;off&#8221; transform_rotate_tablet=&#8221;&#8221; transform_rotate_phone=&#8221;&#8221; transform_rotate_last_edited=&#8221;on|desktop&#8221; transform_skew_tablet=&#8221;&#8221; transform_skew_phone=&#8221;&#8221; transform_skew_last_edited=&#8221;on|desktop&#8221; transform_origin_tablet=&#8221;&#8221; transform_origin_phone=&#8221;&#8221; transform_origin_last_edited=&#8221;on|desktop&#8221; transform_styles_last_edited=&#8221;on|desktop&#8221; custom_margin=&#8221;|10px||10px|false|false&#8221; hover_enabled=&#8221;0&#8243; transform_styles_tablet=&#8221;&#8221; transform_styles_phone=&#8221;&#8221; global_colors_info=&#8221;{}&#8221; sticky_enabled=&#8221;0&#8243;]<\/p>\n<h1><span style=\"color: #ffffff;\">Albergue de animales<\/span><br \/><span style=\"color: #ffffff;\">rescatados<\/span><\/h1>\n<p style=\"text-align: justify;\">Proporcionamos refugio y cuidados a animales en situaci\u00f3n vulnerable. Nuestro refugio no solo ofrece un lugar seguro a los animales rescatados, sino que tambi\u00e9n educa a la comunidad sobre la importancia de la adopci\u00f3n, la esterilizaci\u00f3n y la convivencia respetuosa con la fauna local.<\/p>\n<p>[\/et_pb_text][\/et_pb_column][et_pb_column type=&#8221;1_2&#8243; _builder_version=&#8221;4.27.4&#8243; _module_preset=&#8221;default&#8221; global_colors_info=&#8221;{}&#8221;][et_pb_image src=&#8221;https:\/\/fundacionqa.org\/wp-content\/uploads\/2025\/06\/caballo.png&#8221; title_text=&#8221;caballo&#8221; _builder_version=&#8221;4.27.4&#8243; _module_preset=&#8221;default&#8221; custom_margin=&#8221;|10px||10px|false|false&#8221; hover_enabled=&#8221;0&#8243; global_colors_info=&#8221;{}&#8221; sticky_enabled=&#8221;0&#8243;][\/et_pb_image][\/et_pb_column][\/et_pb_row][et_pb_row column_structure=&#8221;1_2,1_2&#8243; _builder_version=&#8221;4.27.4&#8243; _module_preset=&#8221;default&#8221; background_color=&#8221;#82ba2e&#8221; locked=&#8221;off&#8221; global_colors_info=&#8221;{}&#8221;][et_pb_column type=&#8221;1_2&#8243; _builder_version=&#8221;4.27.4&#8243; _module_preset=&#8221;default&#8221; global_colors_info=&#8221;{}&#8221;][et_pb_image src=&#8221;https:\/\/fundacionqa.org\/wp-content\/uploads\/2025\/06\/20240510_083114000_iOS.jpg&#8221; title_text=&#8221;20240510_083114000_iOS&#8221; _builder_version=&#8221;4.27.4&#8243; _module_preset=&#8221;default&#8221; custom_margin=&#8221;|||10px|false|false&#8221; hover_enabled=&#8221;0&#8243; global_colors_info=&#8221;{}&#8221; sticky_enabled=&#8221;0&#8243;][\/et_pb_image][\/et_pb_column][et_pb_column type=&#8221;1_2&#8243; _builder_version=&#8221;4.27.4&#8243; _module_preset=&#8221;default&#8221; global_colors_info=&#8221;{}&#8221;][et_pb_text _builder_version=&#8221;4.27.4&#8243; _module_preset=&#8221;default&#8221; text_font=&#8221;&#8211;et_global_body_font||||||||&#8221; text_text_color=&#8221;#FFFFFF&#8221; transform_scale_tablet=&#8221;&#8221; transform_scale_phone=&#8221;&#8221; transform_scale_last_edited=&#8221;on|desktop&#8221; transform_translate=&#8221;-25px|82px&#8221; transform_translate_tablet=&#8221;0px|0px&#8221; transform_translate_phone=&#8221;0px|0px&#8221; transform_translate_last_edited=&#8221;on|desktop&#8221; transform_translate_linked=&#8221;off&#8221; transform_rotate_tablet=&#8221;&#8221; transform_rotate_phone=&#8221;&#8221; transform_rotate_last_edited=&#8221;on|desktop&#8221; transform_skew_tablet=&#8221;&#8221; transform_skew_phone=&#8221;&#8221; transform_skew_last_edited=&#8221;on|desktop&#8221; transform_origin_tablet=&#8221;&#8221; transform_origin_phone=&#8221;&#8221; transform_origin_last_edited=&#8221;on|desktop&#8221; transform_styles_last_edited=&#8221;on|desktop&#8221; custom_margin=&#8221;|10px||10px|false|false&#8221; hover_enabled=&#8221;0&#8243; transform_styles_tablet=&#8221;&#8221; transform_styles_phone=&#8221;&#8221; global_colors_info=&#8221;{}&#8221; sticky_enabled=&#8221;0&#8243;]<\/p>\n<h1><span style=\"color: #ffffff;\">Proyectos comunitarios<\/span><\/h1>\n<h1><span style=\"color: #ffffff;\">de cuidado del medio\nambiente<\/span><\/h1>\n<p style=\"text-align: justify;\">Trabajamos mano a mano con las comunidades de El Salvador para poner en marcha proyectos de cuidado del medio ambiente. Desde campa\u00f1as de limpieza hasta la creaci\u00f3n y mejora de espacios verdes urbanos, involucramos a la comunidad en acciones concretas que fomentan la responsabilidad medioambiental, el compromiso y el orgullo comunitario.<\/p>\n<p>[\/et_pb_text][\/et_pb_column][\/et_pb_row][et_pb_row column_structure=&#8221;1_2,1_2&#8243; _builder_version=&#8221;4.27.4&#8243; _module_preset=&#8221;default&#8221; background_color=&#8221;#82ba2e&#8221; locked=&#8221;off&#8221; global_colors_info=&#8221;{}&#8221;][et_pb_column type=&#8221;1_2&#8243; _builder_version=&#8221;4.27.4&#8243; _module_preset=&#8221;default&#8221; global_colors_info=&#8221;{}&#8221;][et_pb_text _builder_version=&#8221;4.27.4&#8243; _module_preset=&#8221;default&#8221; text_font=&#8221;&#8211;et_global_body_font||||||||&#8221; text_text_color=&#8221;#FFFFFF&#8221; text_font_size=&#8221;16px&#8221; transform_scale_tablet=&#8221;&#8221; transform_scale_phone=&#8221;&#8221; transform_scale_last_edited=&#8221;on|desktop&#8221; transform_translate=&#8221;30px|78px&#8221; transform_translate_tablet=&#8221;0px|0px&#8221; transform_translate_phone=&#8221;0px|0px&#8221; transform_translate_last_edited=&#8221;on|desktop&#8221; transform_translate_linked=&#8221;off&#8221; transform_rotate_tablet=&#8221;&#8221; transform_rotate_phone=&#8221;&#8221; transform_rotate_last_edited=&#8221;on|desktop&#8221; transform_skew_tablet=&#8221;&#8221; transform_skew_phone=&#8221;&#8221; transform_skew_last_edited=&#8221;on|desktop&#8221; transform_origin_tablet=&#8221;&#8221; transform_origin_phone=&#8221;&#8221; transform_origin_last_edited=&#8221;on|desktop&#8221; transform_styles_last_edited=&#8221;on|desktop&#8221; custom_margin=&#8221;|10px||10px|false|false&#8221; hover_enabled=&#8221;0&#8243; transform_styles_tablet=&#8221;&#8221; transform_styles_phone=&#8221;&#8221; global_colors_info=&#8221;{}&#8221; sticky_enabled=&#8221;0&#8243;]<\/p>\n<h1><span style=\"color: #ffffff;\">CHARLAS EDUCATIVAS<\/span><\/h1>\n<p style=\"text-align: justify;\">La educaci\u00f3n es clave para el cambio. Organizamos charlas educativas sobre temas medioambientales, desde la importancia de la biodiversidad hasta pr\u00e1cticas cotidianas para reducir la contaminaci\u00f3n. Nuestros expertos ponentes no s\u00f3lo informan, sino que tambi\u00e9n inspiran al p\u00fablico para que adopte pr\u00e1cticas m\u00e1s sostenibles en su vida cotidiana.<\/p>\n<p>[\/et_pb_text][\/et_pb_column][et_pb_column type=&#8221;1_2&#8243; _builder_version=&#8221;4.27.4&#8243; _module_preset=&#8221;default&#8221; global_colors_info=&#8221;{}&#8221;][et_pb_image src=&#8221;https:\/\/fundacionqa.org\/wp-content\/uploads\/2025\/06\/1.png&#8221; title_text=&#8221;1&#8243; _builder_version=&#8221;4.27.4&#8243; _module_preset=&#8221;default&#8221; custom_margin=&#8221;|10px||10px|false|false&#8221; hover_enabled=&#8221;0&#8243; global_colors_info=&#8221;{}&#8221; sticky_enabled=&#8221;0&#8243;][\/et_pb_image][\/et_pb_column][\/et_pb_row][\/et_pb_section]<\/p>","protected":false},"excerpt":{"rendered":"<p>ENVIRONMENT &amp; SUSTAINABILITY PROJECTS We focus on environmental protection. Through innovative initiatives, prevention, and environmental care, we promote sustainable practices and raise awareness about the importance of conservation and caring for the planet.CREATIVE RECYCLING Focused on reducing environmental impact, our recycling program not only promotes waste separation but also encourages creativity. Through workshops and events, we inspire the communities we work with to transform recycled materials into art and functional objects, demonstrating that recycling can be both fun and beneficial for the environment.Finca LxJ Self-Sustainable Farm At our self-sustainable farm, we embrace innovation by using recycled materials in its construction and daily operations. From buildings made with repurposed materials to reducing reliance on non-renewable resources, we highlight sustainable agricultural practices.RESCUED ANIMALSHELTER We provide refuge and care for animals in vulnerable situations. Our shelter not only offers a safe haven for rescued animals but also educates the community on the importance of adoption, sterilization, and respectful coexistence with local wildlife.COMMUNITY ENVIRONMENTAL CARE PROJECTS We work hand in hand with communities in El Salvador to implement environmental care projects. From cleanup campaigns to the creation and improvement of urban green spaces, we engage the community in concrete actions that foster environmental responsibility, [&hellip;]<\/p>","protected":false},"author":4,"featured_media":0,"parent":0,"menu_order":0,"comment_status":"closed","ping_status":"closed","template":"","meta":{"_et_pb_use_builder":"on","_et_pb_old_content":"","_et_gb_content_width":"","footnotes":""},"class_list":["post-219","page","type-page","status-publish","hentry"],"_links":{"self":[{"href":"https:\/\/fundacionqa.org\/es\/wp-json\/wp\/v2\/pages\/219","targetHints":{"allow":["GET"]}}],"collection":[{"href":"https:\/\/fundacionqa.org\/es\/wp-json\/wp\/v2\/pages"}],"about":[{"href":"https:\/\/fundacionqa.org\/es\/wp-json\/wp\/v2\/types\/page"}],"author":[{"embeddable":true,"href":"https:\/\/fundacionqa.org\/es\/wp-json\/wp\/v2\/users\/4"}],"replies":[{"embeddable":true,"href":"https:\/\/fundacionqa.org\/es\/wp-json\/wp\/v2\/comments?post=219"}],"version-history":[{"count":8,"href":"https:\/\/fundacionqa.org\/es\/wp-json\/wp\/v2\/pages\/219\/revisions"}],"predecessor-version":[{"id":253,"href":"https:\/\/fundacionqa.org\/es\/wp-json\/wp\/v2\/pages\/219\/revisions\/253"}],"wp:attachment":[{"href":"https:\/\/fundacionqa.org\/es\/wp-json\/wp\/v2\/media?parent=219"}],"curies":[{"name":"wp","href":"https:\/\/api.w.org\/{rel}","templated":true}]}}