{"id":231,"date":"2025-06-06T20:36:46","date_gmt":"2025-06-06T20:36:46","guid":{"rendered":"https:\/\/fundacionqa.org\/?page_id=231"},"modified":"2025-06-06T20:36:48","modified_gmt":"2025-06-06T20:36:48","slug":"health-projects-2","status":"publish","type":"page","link":"https:\/\/fundacionqa.org\/es\/health-projects-2\/","title":{"rendered":"Salud y\nBienestar"},"content":{"rendered":"[et_pb_section fb_built=&#8221;1&#8243; _builder_version=&#8221;4.27.4&#8243; _module_preset=&#8221;default&#8221; global_colors_info=&#8221;{}&#8221;][et_pb_row _builder_version=&#8221;4.27.4&#8243; _module_preset=&#8221;default&#8221; global_colors_info=&#8221;{}&#8221;][et_pb_column type=&#8221;4_4&#8243; _builder_version=&#8221;4.27.4&#8243; _module_preset=&#8221;default&#8221; global_colors_info=&#8221;{}&#8221;][et_pb_text _builder_version=&#8221;4.27.4&#8243; _module_preset=&#8221;default&#8221; text_font=&#8221;&#8211;et_global_body_font||||||||&#8221; text_font_size=&#8221;20px&#8221; text_orientation=&#8221;center&#8221; custom_margin=&#8221;|10px||10px|false|true&#8221; hover_enabled=&#8221;0&#8243; global_colors_info=&#8221;{}&#8221; content_last_edited=&#8221;on|phone&#8221; sticky_enabled=&#8221;0&#8243; content_phone=&#8221;<h1><strong><span style=\"%22color:\" #99cc00;%22>PROYECTOS DE SALUD Y BIENESTAR<\/span><\/strong><\/h1>\n<p style=\"%22text-align:\" justify;%22>La Fundaci\u00f3n Quintanilla Amaya trabaja con la ayuda de profesionales y especialistas, con el objetivo de proporcionar a los m\u00e1s vulnerables un acceso equitativo a los servicios sanitarios. Destacamos por el seguimiento personal, la atenci\u00f3n a los retos y la gesti\u00f3n de los suministros m\u00e9dicos independientemente del momento de la emergencia.<\/p>&#8221; content_tablet=&#8221;<h1><strong><span style=\"%22color:\" #99cc00;%22>PROYECTOS DE SALUD Y BIENESTAR<\/span><\/strong><\/h1>\n<p style=\"%22text-align:\" justify;%22>La Fundaci\u00f3n Quintanilla Amaya trabaja con la ayuda de profesionales y especialistas, con el objetivo de proporcionar a los m\u00e1s vulnerables un acceso equitativo a los servicios sanitarios. Destacamos por el seguimiento personal, la atenci\u00f3n a los retos y la gesti\u00f3n de los suministros m\u00e9dicos independientemente del momento de la emergencia.<\/p>&#8220;]<h1><strong><span style=\"color: #99cc00;\">PROYECTOS DE SALUD Y BIENESTAR<\/span><\/strong><\/h1>\n<p style=\"text-align: justify;\">La Fundaci\u00f3n Quintanilla Amaya trabaja con la ayuda de profesionales y especialistas, con el objetivo de proporcionar a los m\u00e1s vulnerables un acceso equitativo a los servicios sanitarios. Destacamos por el seguimiento personal, la atenci\u00f3n a los retos y la gesti\u00f3n de los suministros m\u00e9dicos independientemente del momento de la emergencia.<\/p>[\/et_pb_text][\/et_pb_column][\/et_pb_row][et_pb_row column_structure=&#8221;1_2,1_2&#8243; _builder_version=&#8221;4.27.4&#8243; _module_preset=&#8221;default&#8221; background_color=&#8221;#82ba2e&#8221; global_colors_info=&#8221;{}&#8221;][et_pb_column type=&#8221;1_2&#8243; _builder_version=&#8221;4.27.4&#8243; _module_preset=&#8221;default&#8221; global_colors_info=&#8221;{}&#8221;][et_pb_text _builder_version=&#8221;4.27.4&#8243; _module_preset=&#8221;default&#8221; text_font=&#8221;&#8211;et_global_body_font||||||||&#8221; text_text_color=&#8221;#FFFFFF&#8221; text_font_size=&#8221;16px&#8221; transform_scale_tablet=&#8221;&#8221; transform_scale_phone=&#8221;&#8221; transform_scale_last_edited=&#8221;on|desktop&#8221; transform_translate=&#8221;0px|145px&#8221; transform_translate_tablet=&#8221;0px|0px&#8221; transform_translate_phone=&#8221;0px|0px&#8221; transform_translate_last_edited=&#8221;on|desktop&#8221; transform_translate_linked=&#8221;off&#8221; transform_rotate_tablet=&#8221;&#8221; transform_rotate_phone=&#8221;&#8221; transform_rotate_last_edited=&#8221;on|desktop&#8221; transform_skew_tablet=&#8221;&#8221; transform_skew_phone=&#8221;&#8221; transform_skew_last_edited=&#8221;on|desktop&#8221; transform_origin_tablet=&#8221;&#8221; transform_origin_phone=&#8221;&#8221; transform_origin_last_edited=&#8221;on|desktop&#8221; transform_styles_last_edited=&#8221;on|desktop&#8221; custom_margin=&#8221;|10px||10px|false|false&#8221; hover_enabled=&#8221;0&#8243; transform_styles_tablet=&#8221;&#8221; transform_styles_phone=&#8221;&#8221; global_colors_info=&#8221;{}&#8221; sticky_enabled=&#8221;0&#8243;]<h1><span style=\"color: #ffffff;\">Brigadas m\u00e9dicas<\/span><\/h1>\n<p style=\"text-align: justify;\">Realizamos brigadas m\u00e9dicas en zonas rurales y periurbanas donde el acceso a la atenci\u00f3n sanitaria es limitado o inexistente. Proporcionamos atenci\u00f3n m\u00e9dica primaria, realizamos chequeos preventivos y distribuimos medicamentos esenciales. Adem\u00e1s, durante estas brigadas, ofrecemos talleres educativos que promueven pr\u00e1cticas saludables, la prevenci\u00f3n de enfermedades y el cuidado adecuado de los pacientes, fortaleciendo la salud de la comunidad a trav\u00e9s de un enfoque integral.<\/p>[\/et_pb_text][\/et_pb_column][et_pb_column type=&#8221;1_2&#8243; _builder_version=&#8221;4.27.4&#8243; _module_preset=&#8221;default&#8221; global_colors_info=&#8221;{}&#8221;][et_pb_image src=&#8221;https:\/\/fundacionqa.org\/wp-content\/uploads\/2025\/06\/beigada-medica.jpg&#8221; title_text=&#8221;beigada medica&#8221; _builder_version=&#8221;4.27.4&#8243; _module_preset=&#8221;default&#8221; custom_margin=&#8221;|10px||10px|false|false&#8221; hover_enabled=&#8221;0&#8243; global_colors_info=&#8221;{}&#8221; sticky_enabled=&#8221;0&#8243;][\/et_pb_image][\/et_pb_column][\/et_pb_row][et_pb_row column_structure=&#8221;1_2,1_2&#8243; _builder_version=&#8221;4.27.4&#8243; _module_preset=&#8221;default&#8221; background_color=&#8221;#82ba2e&#8221; global_colors_info=&#8221;{}&#8221;][et_pb_column type=&#8221;1_2&#8243; _builder_version=&#8221;4.27.4&#8243; _module_preset=&#8221;default&#8221; global_colors_info=&#8221;{}&#8221;][et_pb_image src=&#8221;https:\/\/fundacionqa.org\/wp-content\/uploads\/2025\/06\/persobalizado.jpg&#8221; title_text=&#8221;persobalizado&#8221; _builder_version=&#8221;4.27.4&#8243; _module_preset=&#8221;default&#8221; custom_margin=&#8221;|||10px|false|false&#8221; hover_enabled=&#8221;0&#8243; global_colors_info=&#8221;{}&#8221; sticky_enabled=&#8221;0&#8243;][\/et_pb_image][\/et_pb_column][et_pb_column type=&#8221;1_2&#8243; _builder_version=&#8221;4.27.4&#8243; _module_preset=&#8221;default&#8221; global_colors_info=&#8221;{}&#8221;][et_pb_text _builder_version=&#8221;4.27.4&#8243; _module_preset=&#8221;default&#8221; text_font=&#8221;&#8211;et_global_body_font||||||||&#8221; text_text_color=&#8221;#FFFFFF&#8221; transform_scale_tablet=&#8221;&#8221; transform_scale_phone=&#8221;&#8221; transform_scale_last_edited=&#8221;on|desktop&#8221; transform_translate=&#8221;0px|82px&#8221; transform_translate_tablet=&#8221;0px|0px&#8221; transform_translate_phone=&#8221;0px|0px&#8221; transform_translate_last_edited=&#8221;on|desktop&#8221; transform_translate_linked=&#8221;off&#8221; transform_rotate_tablet=&#8221;&#8221; transform_rotate_phone=&#8221;&#8221; transform_rotate_last_edited=&#8221;on|desktop&#8221; transform_skew_tablet=&#8221;&#8221; transform_skew_phone=&#8221;&#8221; transform_skew_last_edited=&#8221;on|desktop&#8221; transform_origin_tablet=&#8221;&#8221; transform_origin_phone=&#8221;&#8221; transform_origin_last_edited=&#8221;on|desktop&#8221; transform_styles_last_edited=&#8221;on|desktop&#8221; custom_margin=&#8221;|10px||10px|false|false&#8221; hover_enabled=&#8221;0&#8243; transform_styles_tablet=&#8221;&#8221; transform_styles_phone=&#8221;&#8221; global_colors_info=&#8221;{}&#8221; sticky_enabled=&#8221;0&#8243;]<h1><span style=\"color: #ffffff;\">seguimiento<\/span><br \/><span style=\"color: #ffffff;\">personalizado<\/span><\/h1>\n<p style=\"text-align: justify;\">Como parte de nuestro eje de salud, implementamos un programa de apoyo personalizado que da seguimiento a los casos detectados durante las brigadas m\u00e9dicas o a trav\u00e9s de referencias comunitarias. Este servicio incluye el traslado de pacientes desde sus domicilios, especialmente aquellos que se encuentran en zonas rurales, a centros m\u00e9dicos especializados. Tambi\u00e9n brindamos orientaci\u00f3n integral para facilitar el acceso a los servicios de salud a quienes nunca han recibido atenci\u00f3n en la ciudad.<\/p>[\/et_pb_text][\/et_pb_column][\/et_pb_row][et_pb_row column_structure=&#8221;1_2,1_2&#8243; _builder_version=&#8221;4.27.4&#8243; _module_preset=&#8221;default&#8221; background_color=&#8221;#82ba2e&#8221; locked=&#8221;off&#8221; global_colors_info=&#8221;{}&#8221;][et_pb_column type=&#8221;1_2&#8243; _builder_version=&#8221;4.27.4&#8243; _module_preset=&#8221;default&#8221; global_colors_info=&#8221;{}&#8221;][et_pb_text _builder_version=&#8221;4.27.4&#8243; _module_preset=&#8221;default&#8221; text_font=&#8221;&#8211;et_global_body_font||||||||&#8221; text_text_color=&#8221;#FFFFFF&#8221; text_font_size=&#8221;16px&#8221; transform_scale_tablet=&#8221;&#8221; transform_scale_phone=&#8221;&#8221; transform_scale_last_edited=&#8221;on|desktop&#8221; transform_translate=&#8221;0px|54px&#8221; transform_translate_tablet=&#8221;0px|0px&#8221; transform_translate_phone=&#8221;0px|0px&#8221; transform_translate_last_edited=&#8221;on|desktop&#8221; transform_translate_linked=&#8221;off&#8221; transform_rotate_tablet=&#8221;&#8221; transform_rotate_phone=&#8221;&#8221; transform_rotate_last_edited=&#8221;on|desktop&#8221; transform_skew_tablet=&#8221;&#8221; transform_skew_phone=&#8221;&#8221; transform_skew_last_edited=&#8221;on|desktop&#8221; transform_origin_tablet=&#8221;&#8221; transform_origin_phone=&#8221;&#8221; transform_origin_last_edited=&#8221;on|desktop&#8221; transform_styles_last_edited=&#8221;on|desktop&#8221; custom_margin=&#8221;|10px||10px|false|false&#8221; hover_enabled=&#8221;0&#8243; transform_styles_tablet=&#8221;&#8221; transform_styles_phone=&#8221;&#8221; global_colors_info=&#8221;{}&#8221; sticky_enabled=&#8221;0&#8243;]<h1><span style=\"color: #ffffff;\">Atenci\u00f3n psicol\u00f3gica<\/span><\/h1>\n<p style=\"text-align: justify;\">Reconociendo la importancia de la salud mental, ofrecemos atenci\u00f3n psicol\u00f3gica personalizada para los pacientes y sus familias que requieren apoyo continuo. Nuestros psic\u00f3logos especializados trabajan estrechamente con cada caso, abordando tanto las necesidades emocionales como f\u00edsicas de los pacientes. Nuestro enfoque hol\u00edstico pretende mejorar el bienestar general y reforzar las redes de apoyo de la comunidad.<\/p>[\/et_pb_text][\/et_pb_column][et_pb_column type=&#8221;1_2&#8243; _builder_version=&#8221;4.27.4&#8243; _module_preset=&#8221;default&#8221; global_colors_info=&#8221;{}&#8221;][et_pb_image src=&#8221;https:\/\/fundacionqa.org\/wp-content\/uploads\/2025\/06\/acompananiento-psicologico.jpg&#8221; title_text=&#8221;acompa\u00f1aniento psicol\u00f3gico&#8221; _builder_version=&#8221;4.27.4&#8243; _module_preset=&#8221;default&#8221; custom_margin=&#8221;|10px||10px|false|false&#8221; hover_enabled=&#8221;0&#8243; global_colors_info=&#8221;{}&#8221; sticky_enabled=&#8221;0&#8243;][\/et_pb_image][\/et_pb_column][\/et_pb_row][et_pb_row column_structure=&#8221;1_2,1_2&#8243; _builder_version=&#8221;4.27.4&#8243; _module_preset=&#8221;default&#8221; background_color=&#8221;#82ba2e&#8221; locked=&#8221;off&#8221; global_colors_info=&#8221;{}&#8221;][et_pb_column type=&#8221;1_2&#8243; _builder_version=&#8221;4.27.4&#8243; _module_preset=&#8221;default&#8221; global_colors_info=&#8221;{}&#8221;][et_pb_image src=&#8221;https:\/\/fundacionqa.org\/wp-content\/uploads\/2025\/06\/adulto-mayor.jpg&#8221; title_text=&#8221;adulto mayor&#8221; _builder_version=&#8221;4.27.4&#8243; _module_preset=&#8221;default&#8221; custom_margin=&#8221;|||10px|false|false&#8221; hover_enabled=&#8221;0&#8243; global_colors_info=&#8221;{}&#8221; sticky_enabled=&#8221;0&#8243;][\/et_pb_image][\/et_pb_column][et_pb_column type=&#8221;1_2&#8243; _builder_version=&#8221;4.27.4&#8243; _module_preset=&#8221;default&#8221; global_colors_info=&#8221;{}&#8221;][et_pb_text _builder_version=&#8221;4.27.4&#8243; _module_preset=&#8221;default&#8221; text_font=&#8221;&#8211;et_global_body_font||||||||&#8221; text_text_color=&#8221;#FFFFFF&#8221; transform_scale_tablet=&#8221;&#8221; transform_scale_phone=&#8221;&#8221; transform_scale_last_edited=&#8221;on|desktop&#8221; transform_translate=&#8221;0px|82px&#8221; transform_translate_tablet=&#8221;0px|0px&#8221; transform_translate_phone=&#8221;0px|0px&#8221; transform_translate_last_edited=&#8221;on|desktop&#8221; transform_translate_linked=&#8221;off&#8221; transform_rotate_tablet=&#8221;&#8221; transform_rotate_phone=&#8221;&#8221; transform_rotate_last_edited=&#8221;on|desktop&#8221; transform_skew_tablet=&#8221;&#8221; transform_skew_phone=&#8221;&#8221; transform_skew_last_edited=&#8221;on|desktop&#8221; transform_origin_tablet=&#8221;&#8221; transform_origin_phone=&#8221;&#8221; transform_origin_last_edited=&#8221;on|desktop&#8221; transform_styles_last_edited=&#8221;on|desktop&#8221; custom_margin=&#8221;|10px||10px|false|false&#8221; hover_enabled=&#8221;0&#8243; transform_styles_tablet=&#8221;&#8221; transform_styles_phone=&#8221;&#8221; global_colors_info=&#8221;{}&#8221; sticky_enabled=&#8221;0&#8243;]<h1><span style=\"color: #ffffff;\">ATENCI\u00d3N ESPECIAL PARA<\/span><br \/><span style=\"color: #ffffff;\">LAS PERSONAS MAYORES<\/span><\/h1>\n<p style=\"text-align: justify;\">Reconociendo las necesidades espec\u00edficas de las personas mayores en comunidades sin acceso a la atenci\u00f3n sanitaria, hemos creado unidades de atenci\u00f3n especializada. Estas unidades est\u00e1n equipadas con personal m\u00e9dico y de enfermer\u00eda formado en geriatr\u00eda, que presta servicios de gesti\u00f3n de enfermedades cr\u00f3nicas, evaluaciones de movilidad y asesoramiento nutricional adaptados a las necesidades de esta poblaci\u00f3n.<\/p>[\/et_pb_text][\/et_pb_column][\/et_pb_row][\/et_pb_section]","protected":false},"excerpt":{"rendered":"<p>HEALTH &amp; WELL-BEING PROJECTS The Quintanilla Amaya Foundation work through the help of professionals and specialists, with the aim of providing the most vulnerable with equitable access to health services. We stand out for personal follow-up, attention to challenges and management of medical supplies regardless of the time of the emergency.MEDICAL BRIGADES We carry out medical brigades in rural and peri-urban areas where access to healthcare is limited or non-existent. We provide primary medical care, conduct preventive check-ups, and distribute essential medications. Additionally, during these brigades, we offer educational workshops that promote healthy practices, disease prevention, and proper patient care, strengthening community health through a comprehensive approach.PERSONALIZEDFOLLOW-UP As part of our health axis, we implement a personalized support program that follows up on cases detected during medical brigades or through community referrals. This service includes transporting patients from their homes, especially those in rural areas, to specialized medical centers. We also provide comprehensive guidance to facilitate access to healthcare services for those who have never received care in the city.PSYCHOLOGICAL CARE Recognizing the importance of mental health, we offer personalized psychological care for patients and their families who require ongoing support. Our specialized psychologists work closely with each case, addressing [&hellip;]<\/p>","protected":false},"author":4,"featured_media":0,"parent":0,"menu_order":0,"comment_status":"closed","ping_status":"closed","template":"","meta":{"_et_pb_use_builder":"on","_et_pb_old_content":"","_et_gb_content_width":"","footnotes":""},"class_list":["post-231","page","type-page","status-publish","hentry"],"_links":{"self":[{"href":"https:\/\/fundacionqa.org\/es\/wp-json\/wp\/v2\/pages\/231","targetHints":{"allow":["GET"]}}],"collection":[{"href":"https:\/\/fundacionqa.org\/es\/wp-json\/wp\/v2\/pages"}],"about":[{"href":"https:\/\/fundacionqa.org\/es\/wp-json\/wp\/v2\/types\/page"}],"author":[{"embeddable":true,"href":"https:\/\/fundacionqa.org\/es\/wp-json\/wp\/v2\/users\/4"}],"replies":[{"embeddable":true,"href":"https:\/\/fundacionqa.org\/es\/wp-json\/wp\/v2\/comments?post=231"}],"version-history":[{"count":1,"href":"https:\/\/fundacionqa.org\/es\/wp-json\/wp\/v2\/pages\/231\/revisions"}],"predecessor-version":[{"id":278,"href":"https:\/\/fundacionqa.org\/es\/wp-json\/wp\/v2\/pages\/231\/revisions\/278"}],"wp:attachment":[{"href":"https:\/\/fundacionqa.org\/es\/wp-json\/wp\/v2\/media?parent=231"}],"curies":[{"name":"wp","href":"https:\/\/api.w.org\/{rel}","templated":true}]}}