{"id":243,"date":"2025-06-06T03:46:03","date_gmt":"2025-06-06T03:46:03","guid":{"rendered":"https:\/\/fundacionqa.org\/?page_id=243"},"modified":"2025-06-21T06:13:54","modified_gmt":"2025-06-21T06:13:54","slug":"economy","status":"publish","type":"page","link":"https:\/\/fundacionqa.org\/es\/economy\/","title":{"rendered":"Autonom\u00eda\nEcon\u00f3mica"},"content":{"rendered":"<p>[et_pb_section fb_built=&#8221;1&#8243; _builder_version=&#8221;4.27.4&#8243; _module_preset=&#8221;default&#8221; global_colors_info=&#8221;{}&#8221;][et_pb_row _builder_version=&#8221;4.27.4&#8243; _module_preset=&#8221;default&#8221; global_colors_info=&#8221;{}&#8221;][et_pb_column type=&#8221;4_4&#8243; _builder_version=&#8221;4.27.4&#8243; _module_preset=&#8221;default&#8221; global_colors_info=&#8221;{}&#8221;][et_pb_text content_tablet=&#8221;<\/p>\n<h1><strong><span style=\"%22color:\" #99cc00;%22>HEALTH &#038; WELL-BEING PROJECTS<\/span><\/strong><\/h1>\n<p style=\"%22text-align:\" justify;%22>La Fundaci\u00f3n Quintanilla Amaya trabaja con la ayuda de profesionales y especialistas, con el objetivo de proporcionar a los m\u00e1s vulnerables un acceso equitativo a los servicios sanitarios. Destacamos por el seguimiento personal, la atenci\u00f3n a los retos y la gesti\u00f3n de los suministros m\u00e9dicos independientemente del momento de la emergencia.<\/p>\n<p>&#8221; content_phone=&#8221;<\/p>\n<h1><strong><span style=\"%22color:\" #99cc00;%22>HEALTH &#038; WELL-BEING PROJECTS<\/span><\/strong><\/h1>\n<p style=\"%22text-align:\" justify;%22>La Fundaci\u00f3n Quintanilla Amaya trabaja con la ayuda de profesionales y especialistas, con el objetivo de proporcionar a los m\u00e1s vulnerables un acceso equitativo a los servicios sanitarios. Destacamos por el seguimiento personal, la atenci\u00f3n a los retos y la gesti\u00f3n de los suministros m\u00e9dicos independientemente del momento de la emergencia.<\/p>\n<p>&#8221; content_last_edited=&#8221;on|phone&#8221; _builder_version=&#8221;4.27.4&#8243; _module_preset=&#8221;default&#8221; text_font=&#8221;&#8211;et_global_body_font||||||||&#8221; text_font_size=&#8221;20px&#8221; text_orientation=&#8221;center&#8221; custom_margin=&#8221;|10px||10px|false|true&#8221; global_colors_info=&#8221;{}&#8221;]<\/p>\n<h1><span style=\"color: #99cc00;\">AUTONOM\u00cdA ECON\u00d3MICA<\/span><\/h1>\n<p style=\"text-align: justify;\">La Fundaci\u00f3n Quintanilla Amaya promueve el crecimiento sostenible de las personas y las comunidades a trav\u00e9s de la educaci\u00f3n financiera, la tutor\u00eda empresarial y el capital semilla. Desde la reactivaci\u00f3n de empresas hasta el lanzamiento de nuevos emprendimientos, este eje fortalece las habilidades para que cada persona pueda avanzar con independencia y prop\u00f3sito.<\/p>\n<p>[\/et_pb_text][\/et_pb_column][\/et_pb_row][et_pb_row column_structure=&#8221;1_2,1_2&#8243; _builder_version=&#8221;4.27.4&#8243; _module_preset=&#8221;default&#8221; background_color=&#8221;#82ba2e&#8221; global_colors_info=&#8221;{}&#8221;][et_pb_column type=&#8221;1_2&#8243; _builder_version=&#8221;4.27.4&#8243; _module_preset=&#8221;default&#8221; global_colors_info=&#8221;{}&#8221;][et_pb_text _builder_version=&#8221;4.27.4&#8243; _module_preset=&#8221;default&#8221; text_font=&#8221;&#8211;et_global_body_font||||||||&#8221; text_text_color=&#8221;#FFFFFF&#8221; text_font_size=&#8221;16px&#8221; transform_scale_tablet=&#8221;&#8221; transform_scale_phone=&#8221;&#8221; transform_scale_last_edited=&#8221;on|desktop&#8221; transform_translate=&#8221;38px|110px&#8221; transform_translate_tablet=&#8221;0px|0px&#8221; transform_translate_phone=&#8221;0px|0px&#8221; transform_translate_last_edited=&#8221;on|desktop&#8221; transform_translate_linked=&#8221;off&#8221; transform_rotate_tablet=&#8221;&#8221; transform_rotate_phone=&#8221;&#8221; transform_rotate_last_edited=&#8221;on|desktop&#8221; transform_skew_tablet=&#8221;&#8221; transform_skew_phone=&#8221;&#8221; transform_skew_last_edited=&#8221;on|desktop&#8221; transform_origin_tablet=&#8221;&#8221; transform_origin_phone=&#8221;&#8221; transform_origin_last_edited=&#8221;on|desktop&#8221; transform_styles_last_edited=&#8221;on|desktop&#8221; custom_margin=&#8221;|10px||10px|false|false&#8221; transform_styles_tablet=&#8221;&#8221; transform_styles_phone=&#8221;&#8221; global_colors_info=&#8221;{}&#8221;]<\/p>\n<h1><span style=\"color: #ffffff;\">CONSORCIO FQA<\/span><\/h1>\n<p style=\"text-align: justify;\">A trav\u00e9s de las empresas fundadas o restauradas por nuestro fundador, hemos establecido un vivero de empresas. Este programa apoya a estudiantes universitarios de bajos ingresos y a personas mayores con acceso limitado al mercado laboral, ofreci\u00e9ndoles un espacio donde aplicar y desarrollar sus capacidades.<\/p>\n<p>[\/et_pb_text][\/et_pb_column][et_pb_column type=&#8221;1_2&#8243; _builder_version=&#8221;4.27.4&#8243; _module_preset=&#8221;default&#8221; global_colors_info=&#8221;{}&#8221;][et_pb_image src=&#8221;https:\/\/fundacionqa.org\/wp-content\/uploads\/2025\/06\/ODS-1.jpeg&#8221; title_text=&#8221;ODS 1&#8243; _builder_version=&#8221;4.27.4&#8243; _module_preset=&#8221;default&#8221; custom_margin=&#8221;|10px||10px|false|false&#8221; global_colors_info=&#8221;{}&#8221;][\/et_pb_image][\/et_pb_column][\/et_pb_row][et_pb_row _builder_version=&#8221;4.27.4&#8243; _module_preset=&#8221;default&#8221;][et_pb_column _builder_version=&#8221;4.27.4&#8243; _module_preset=&#8221;default&#8221; type=&#8221;4_4&#8243;][et_pb_text _builder_version=&#8221;4.27.4&#8243; _module_preset=&#8221;default&#8221; hover_enabled=&#8221;0&#8243; sticky_enabled=&#8221;0&#8243;]<\/p>\n<h1 style=\"text-align: center;\"><strong><span style=\"color: #99cc00;\">EMPRESAS PARTICIPANTES EN EL CONSORCIO FQA<\/span><\/strong><\/h1>\n<p>[\/et_pb_text][\/et_pb_column][\/et_pb_row][et_pb_row _builder_version=&#8221;4.27.4&#8243; _module_preset=&#8221;default&#8221; global_colors_info=&#8221;{}&#8221;][et_pb_column type=&#8221;4_4&#8243; _builder_version=&#8221;4.27.4&#8243; _module_preset=&#8221;default&#8221; global_colors_info=&#8221;{}&#8221;][et_pb_image src=&#8221;https:\/\/fundacionqa.org\/wp-content\/uploads\/2025\/06\/08-ECONOMY-1.png&#8221; title_text=&#8221;08-ECONOMY&#8221; align=&#8221;center&#8221; _builder_version=&#8221;4.27.4&#8243; _module_preset=&#8221;default&#8221; hover_enabled=&#8221;0&#8243; global_colors_info=&#8221;{}&#8221; sticky_enabled=&#8221;0&#8243;][\/et_pb_image][\/et_pb_column][\/et_pb_row][et_pb_row column_structure=&#8221;1_2,1_2&#8243; _builder_version=&#8221;4.27.4&#8243; _module_preset=&#8221;default&#8221; background_color=&#8221;#82ba2e&#8221; locked=&#8221;off&#8221; global_colors_info=&#8221;{}&#8221;][et_pb_column type=&#8221;1_2&#8243; _builder_version=&#8221;4.27.4&#8243; _module_preset=&#8221;default&#8221; global_colors_info=&#8221;{}&#8221;][et_pb_image src=&#8221;https:\/\/fundacionqa.org\/wp-content\/uploads\/2025\/06\/feria-de-emprendedores.jpg&#8221; title_text=&#8221;feria de emprendedores&#8221; _builder_version=&#8221;4.27.4&#8243; _module_preset=&#8221;default&#8221; custom_margin=&#8221;|||10px|false|false&#8221; global_colors_info=&#8221;{}&#8221;][\/et_pb_image][\/et_pb_column][et_pb_column type=&#8221;1_2&#8243; _builder_version=&#8221;4.27.4&#8243; _module_preset=&#8221;default&#8221; global_colors_info=&#8221;{}&#8221;][et_pb_text _builder_version=&#8221;4.27.4&#8243; _module_preset=&#8221;default&#8221; text_font=&#8221;&#8211;et_global_body_font||||||||&#8221; text_text_color=&#8221;#FFFFFF&#8221; transform_scale_tablet=&#8221;&#8221; transform_scale_phone=&#8221;&#8221; transform_scale_last_edited=&#8221;on|desktop&#8221; transform_translate=&#8221;-25px|134px&#8221; transform_translate_tablet=&#8221;0px|0px&#8221; transform_translate_phone=&#8221;0px|0px&#8221; transform_translate_last_edited=&#8221;on|desktop&#8221; transform_translate_linked=&#8221;off&#8221; transform_rotate_tablet=&#8221;&#8221; transform_rotate_phone=&#8221;&#8221; transform_rotate_last_edited=&#8221;on|desktop&#8221; transform_skew_tablet=&#8221;&#8221; transform_skew_phone=&#8221;&#8221; transform_skew_last_edited=&#8221;on|desktop&#8221; transform_origin_tablet=&#8221;&#8221; transform_origin_phone=&#8221;&#8221; transform_origin_last_edited=&#8221;on|desktop&#8221; transform_styles_last_edited=&#8221;on|desktop&#8221; custom_margin=&#8221;|10px||10px|false|false&#8221; transform_styles_tablet=&#8221;&#8221; transform_styles_phone=&#8221;&#8221; global_colors_info=&#8221;{}&#8221;]<\/p>\n<h1><span style=\"color: #ffffff;\">Ferias y mercados<\/span><br \/><span style=\"color: #ffffff;\">comunitarios<\/span><\/h1>\n<p style=\"text-align: justify;\">Organizamos ferias y mercados comunitarios para promocionar los productos y servicios de los empresarios locales y los miembros de la fundaci\u00f3n. Estos eventos no solo aumentan la visibilidad de las empresas, sino que tambi\u00e9n crean oportunidades para conectar con clientes y otros empresarios, fomentando la colaboraci\u00f3n y el apoyo mutuo dentro de la comunidad empresarial local.<\/p>\n<p>[\/et_pb_text][\/et_pb_column][\/et_pb_row][et_pb_row column_structure=&#8221;1_2,1_2&#8243; _builder_version=&#8221;4.27.4&#8243; _module_preset=&#8221;default&#8221; background_color=&#8221;#82ba2e&#8221; locked=&#8221;off&#8221; global_colors_info=&#8221;{}&#8221;][et_pb_column type=&#8221;1_2&#8243; _builder_version=&#8221;4.27.4&#8243; _module_preset=&#8221;default&#8221; global_colors_info=&#8221;{}&#8221;][et_pb_text _builder_version=&#8221;4.27.4&#8243; _module_preset=&#8221;default&#8221; text_font=&#8221;&#8211;et_global_body_font||||||||&#8221; text_text_color=&#8221;#FFFFFF&#8221; text_font_size=&#8221;16px&#8221; transform_scale_tablet=&#8221;&#8221; transform_scale_phone=&#8221;&#8221; transform_scale_last_edited=&#8221;on|desktop&#8221; transform_translate=&#8221;30px|78px&#8221; transform_translate_tablet=&#8221;0px|0px&#8221; transform_translate_phone=&#8221;0px|0px&#8221; transform_translate_last_edited=&#8221;on|desktop&#8221; transform_translate_linked=&#8221;off&#8221; transform_rotate_tablet=&#8221;&#8221; transform_rotate_phone=&#8221;&#8221; transform_rotate_last_edited=&#8221;on|desktop&#8221; transform_skew_tablet=&#8221;&#8221; transform_skew_phone=&#8221;&#8221; transform_skew_last_edited=&#8221;on|desktop&#8221; transform_origin_tablet=&#8221;&#8221; transform_origin_phone=&#8221;&#8221; transform_origin_last_edited=&#8221;on|desktop&#8221; transform_styles_last_edited=&#8221;on|desktop&#8221; custom_margin=&#8221;|10px||10px|false|false&#8221; transform_styles_tablet=&#8221;&#8221; transform_styles_phone=&#8221;&#8221; global_colors_info=&#8221;{}&#8221;]<\/p>\n<h1><span style=\"color: #ffffff;\">PROYECTO \u201cLiDIAS\u201d<\/span><\/h1>\n<p style=\"text-align: justify;\">Este proyecto se dedica a empoderar a mujeres de bajos ingresos o de comunidades urbanas, proporcion\u00e1ndoles las herramientas necesarias para convertirse en empresarias de \u00e9xito y mantener a sus familias. \u00abLidias\u00bb pretende crear un impacto positivo y duradero en la vida de las participantes, fomentando el liderazgo femenino e impulsando el cambio social dentro de sus comunidades.<\/p>\n<p>[\/et_pb_text][\/et_pb_column][et_pb_column type=&#8221;1_2&#8243; _builder_version=&#8221;4.27.4&#8243; _module_preset=&#8221;default&#8221; global_colors_info=&#8221;{}&#8221;][et_pb_image src=&#8221;https:\/\/fundacionqa.org\/wp-content\/uploads\/2025\/06\/24.png&#8221; title_text=&#8221;24&#8243; _builder_version=&#8221;4.27.4&#8243; _module_preset=&#8221;default&#8221; custom_margin=&#8221;|10px||10px|false|false&#8221; global_colors_info=&#8221;{}&#8221;][\/et_pb_image][\/et_pb_column][\/et_pb_row][\/et_pb_section]<\/p>","protected":false},"excerpt":{"rendered":"<p>ECONOMIC AUTONOMY The Quintanilla Amaya Foundation promotes the sustainable growth of individuals and communities through financial education, business mentoring, and seed capital. From the reactivation of businesses to the launch of new ventures, this axis strengthens skills so that each person can move forward with independence and purpose.FQA CONSORTIUM Through the businesses founded or restored by our founder, we have established an entrepreneurial incubator. This program supports low-income university students and senior citizens with limited access to the job market, providing them with a space to apply and develop their skills.BUSINESSES INVOLVED IN &#8220;FQA CONSORTIUM&#8221;COMMUNITY FAIRSAND MARKETS We organize community fairs and markets to promote the products and services of local entrepreneurs and foundation members. These events not only increase business visibility but also create opportunities to connect with customers and fellow entrepreneurs, encouraging collaboration and mutual support within the local business community.\u201cLiDIAS\u201d Project This project is dedicated to empowering low-income women or those from urban communities by providing them with the necessary tools to become successful entrepreneurs and support their families. \u201cLidias\u201d aims to create a positive and lasting impact on participants\u2019 lives, fostering female leadership and driving social change within their communities.<\/p>","protected":false},"author":4,"featured_media":0,"parent":0,"menu_order":0,"comment_status":"closed","ping_status":"closed","template":"","meta":{"_et_pb_use_builder":"on","_et_pb_old_content":"","_et_gb_content_width":"","footnotes":""},"class_list":["post-243","page","type-page","status-publish","hentry"],"_links":{"self":[{"href":"https:\/\/fundacionqa.org\/es\/wp-json\/wp\/v2\/pages\/243","targetHints":{"allow":["GET"]}}],"collection":[{"href":"https:\/\/fundacionqa.org\/es\/wp-json\/wp\/v2\/pages"}],"about":[{"href":"https:\/\/fundacionqa.org\/es\/wp-json\/wp\/v2\/types\/page"}],"author":[{"embeddable":true,"href":"https:\/\/fundacionqa.org\/es\/wp-json\/wp\/v2\/users\/4"}],"replies":[{"embeddable":true,"href":"https:\/\/fundacionqa.org\/es\/wp-json\/wp\/v2\/comments?post=243"}],"version-history":[{"count":4,"href":"https:\/\/fundacionqa.org\/es\/wp-json\/wp\/v2\/pages\/243\/revisions"}],"predecessor-version":[{"id":356,"href":"https:\/\/fundacionqa.org\/es\/wp-json\/wp\/v2\/pages\/243\/revisions\/356"}],"wp:attachment":[{"href":"https:\/\/fundacionqa.org\/es\/wp-json\/wp\/v2\/media?parent=243"}],"curies":[{"name":"wp","href":"https:\/\/api.w.org\/{rel}","templated":true}]}}