{"id":254,"date":"2025-06-06T18:26:17","date_gmt":"2025-06-06T18:26:17","guid":{"rendered":"https:\/\/fundacionqa.org\/?page_id=254"},"modified":"2025-06-06T18:26:19","modified_gmt":"2025-06-06T18:26:19","slug":"education-projects-3","status":"publish","type":"page","link":"https:\/\/fundacionqa.org\/es\/education-projects-3\/","title":{"rendered":"PROYECTOS EDUCATIVOS"},"content":{"rendered":"[et_pb_section fb_built=&#8221;1&#8243; _builder_version=&#8221;4.27.4&#8243; _module_preset=&#8221;default&#8221; global_colors_info=&#8221;{}&#8221;][et_pb_row _builder_version=&#8221;4.27.4&#8243; _module_preset=&#8221;default&#8221; global_colors_info=&#8221;{}&#8221;][et_pb_column type=&#8221;4_4&#8243; _builder_version=&#8221;4.27.4&#8243; _module_preset=&#8221;default&#8221; global_colors_info=&#8221;{}&#8221;][et_pb_text content_tablet=&#8221;<h1><strong><span style=\"%22color:\" #99cc00;%22>HEALTH &#038; WELL-BEING PROJECTS<\/span><\/strong><\/h1>\n<p style=\"%22text-align:\" justify;%22>La Fundaci\u00f3n Quintanilla Amaya trabaja con la ayuda de profesionales y especialistas, con el objetivo de proporcionar a los m\u00e1s vulnerables un acceso equitativo a los servicios sanitarios. Destacamos por el seguimiento personal, la atenci\u00f3n a los retos y la gesti\u00f3n de los suministros m\u00e9dicos independientemente del momento de la emergencia.<\/p>&#8221; content_phone=&#8221;<h1><strong><span style=\"%22color:\" #99cc00;%22>HEALTH &#038; WELL-BEING PROJECTS<\/span><\/strong><\/h1>\n<p style=\"%22text-align:\" justify;%22>La Fundaci\u00f3n Quintanilla Amaya trabaja con la ayuda de profesionales y especialistas, con el objetivo de proporcionar a los m\u00e1s vulnerables un acceso equitativo a los servicios sanitarios. Destacamos por el seguimiento personal, la atenci\u00f3n a los retos y la gesti\u00f3n de los suministros m\u00e9dicos independientemente del momento de la emergencia.<\/p>&#8221; content_last_edited=&#8221;on|phone&#8221; _builder_version=&#8221;4.27.4&#8243; _module_preset=&#8221;default&#8221; text_font=&#8221;&#8211;et_global_body_font||||||||&#8221; text_font_size=&#8221;20px&#8221; text_orientation=&#8221;center&#8221; custom_margin=&#8221;|10px||10px|false|true&#8221; hover_enabled=&#8221;0&#8243; global_colors_info=&#8221;{}&#8221; sticky_enabled=&#8221;0&#8243;]<h1><span style=\"color: #82ba2e;\">PROYECTOS EDUCATIVOS<\/span><\/h1>\n<p style=\"text-align: justify;\">Creemos en el poder transformador de la educaci\u00f3n y en su capacidad para romper el ciclo generacional de la pobreza. Nuestros proyectos abarcan desde programas de alfabetizaci\u00f3n hasta formaci\u00f3n profesional, ofreciendo becas y orientaci\u00f3n en todos los niveles educativos. Nuestro objetivo es empoderar a las personas a trav\u00e9s del conocimiento, creando oportunidades para un futuro prometedor y exitoso.<\/p>[\/et_pb_text][\/et_pb_column][\/et_pb_row][et_pb_row column_structure=&#8221;1_2,1_2&#8243; _builder_version=&#8221;4.27.4&#8243; _module_preset=&#8221;default&#8221; background_color=&#8221;#82ba2e&#8221; global_colors_info=&#8221;{}&#8221;][et_pb_column type=&#8221;1_2&#8243; _builder_version=&#8221;4.27.4&#8243; _module_preset=&#8221;default&#8221; global_colors_info=&#8221;{}&#8221;][et_pb_text _builder_version=&#8221;4.27.4&#8243; _module_preset=&#8221;default&#8221; text_font=&#8221;&#8211;et_global_body_font||||||||&#8221; text_text_color=&#8221;#FFFFFF&#8221; text_font_size=&#8221;16px&#8221; transform_scale_tablet=&#8221;&#8221; transform_scale_phone=&#8221;&#8221; transform_scale_last_edited=&#8221;on|desktop&#8221; transform_translate=&#8221;0px|46px&#8221; transform_translate_tablet=&#8221;0px|0px&#8221; transform_translate_phone=&#8221;0px|0px&#8221; transform_translate_last_edited=&#8221;on|desktop&#8221; transform_translate_linked=&#8221;off&#8221; transform_rotate_tablet=&#8221;&#8221; transform_rotate_phone=&#8221;&#8221; transform_rotate_last_edited=&#8221;on|desktop&#8221; transform_skew_tablet=&#8221;&#8221; transform_skew_phone=&#8221;&#8221; transform_skew_last_edited=&#8221;on|desktop&#8221; transform_origin_tablet=&#8221;&#8221; transform_origin_phone=&#8221;&#8221; transform_origin_last_edited=&#8221;on|desktop&#8221; transform_styles_last_edited=&#8221;on|desktop&#8221; custom_margin=&#8221;|10px||10px|false|false&#8221; hover_enabled=&#8221;0&#8243; transform_styles_tablet=&#8221;&#8221; transform_styles_phone=&#8221;&#8221; global_colors_info=&#8221;{}&#8221; sticky_enabled=&#8221;0&#8243;]<h1><span style=\"color: #ffffff;\">Becas de<\/span><br \/><span style=\"color: #ffffff;\">Educaci\u00f3n primaria<\/span><br \/><span style=\"color: #ffffff;\">a superior<\/span><\/h1>\n<p style=\"text-align: justify;\">Establecemos asociaciones estrat\u00e9gicas con escuelas, institutos y universidades para garantizar el acceso a la educaci\u00f3n a estudiantes que se enfrentan a barreras financieras. Estas becas abarcan desde la ense\u00f1anza primaria hasta la superior, dando oportunidades a talentos prometedores y a quienes no se hab\u00edan planteado un futuro acad\u00e9mico. Tambi\u00e9n ofrecemos orientaci\u00f3n jur\u00eddica para los procedimientos de reinserci\u00f3n acad\u00e9mica en todos los niveles educativos.<\/p>[\/et_pb_text][\/et_pb_column][et_pb_column type=&#8221;1_2&#8243; _builder_version=&#8221;4.27.4&#8243; _module_preset=&#8221;default&#8221; global_colors_info=&#8221;{}&#8221;][et_pb_image src=&#8221;https:\/\/fundacionqa.org\/wp-content\/uploads\/2025\/06\/becas-nivel-superior.jpg&#8221; title_text=&#8221;becas nivel superior&#8221; _builder_version=&#8221;4.27.4&#8243; _module_preset=&#8221;default&#8221; custom_margin=&#8221;|10px||10px|false|false&#8221; hover_enabled=&#8221;0&#8243; global_colors_info=&#8221;{}&#8221; sticky_enabled=&#8221;0&#8243;][\/et_pb_image][\/et_pb_column][\/et_pb_row][et_pb_row column_structure=&#8221;1_2,1_2&#8243; _builder_version=&#8221;4.27.4&#8243; _module_preset=&#8221;default&#8221; background_color=&#8221;#82ba2e&#8221; global_colors_info=&#8221;{}&#8221;][et_pb_column type=&#8221;1_2&#8243; _builder_version=&#8221;4.27.4&#8243; _module_preset=&#8221;default&#8221; global_colors_info=&#8221;{}&#8221;][et_pb_image src=&#8221;https:\/\/fundacionqa.org\/wp-content\/uploads\/2025\/06\/refuerzos.jpg&#8221; title_text=&#8221;refuerzos&#8221; _builder_version=&#8221;4.27.4&#8243; _module_preset=&#8221;default&#8221; custom_margin=&#8221;|||10px|false|false&#8221; hover_enabled=&#8221;0&#8243; global_colors_info=&#8221;{}&#8221; sticky_enabled=&#8221;0&#8243;][\/et_pb_image][\/et_pb_column][et_pb_column type=&#8221;1_2&#8243; _builder_version=&#8221;4.27.4&#8243; _module_preset=&#8221;default&#8221; global_colors_info=&#8221;{}&#8221;][et_pb_text _builder_version=&#8221;4.27.4&#8243; _module_preset=&#8221;default&#8221; text_font=&#8221;&#8211;et_global_body_font||||||||&#8221; text_text_color=&#8221;#FFFFFF&#8221; transform_scale_tablet=&#8221;&#8221; transform_scale_phone=&#8221;&#8221; transform_scale_last_edited=&#8221;on|desktop&#8221; transform_translate=&#8221;-20px|82px&#8221; transform_translate_tablet=&#8221;0px|0px&#8221; transform_translate_phone=&#8221;0px|0px&#8221; transform_translate_last_edited=&#8221;on|desktop&#8221; transform_translate_linked=&#8221;off&#8221; transform_rotate_tablet=&#8221;&#8221; transform_rotate_phone=&#8221;&#8221; transform_rotate_last_edited=&#8221;on|desktop&#8221; transform_skew_tablet=&#8221;&#8221; transform_skew_phone=&#8221;&#8221; transform_skew_last_edited=&#8221;on|desktop&#8221; transform_origin_tablet=&#8221;&#8221; transform_origin_phone=&#8221;&#8221; transform_origin_last_edited=&#8221;on|desktop&#8221; transform_styles_last_edited=&#8221;on|desktop&#8221; custom_margin=&#8221;|10px||10px|false|false&#8221; hover_enabled=&#8221;0&#8243; transform_styles_tablet=&#8221;&#8221; transform_styles_phone=&#8221;&#8221; global_colors_info=&#8221;{}&#8221; sticky_enabled=&#8221;0&#8243;]<h1><span style=\"color: #ffffff;\">REFUERZOS<\/span><br \/><span style=\"color: #ffffff;\">EDUCATIVOS<\/span><\/h1>\n<p style=\"text-align: justify;\">Ponemos en marcha programas de refuerzo educativo que ofrecen tutor\u00edas personalizadas, recursos adicionales y actividades complementarias dise\u00f1adas para reforzar el aprendizaje. Estos programas se centran en ayudar a ni\u00f1os, j\u00f3venes y adultos con dificultades acad\u00e9micas, apoy\u00e1ndoles para superar los retos y mejorar su rendimiento acad\u00e9mico.<\/p>[\/et_pb_text][\/et_pb_column][\/et_pb_row][et_pb_row column_structure=&#8221;1_2,1_2&#8243; _builder_version=&#8221;4.27.4&#8243; _module_preset=&#8221;default&#8221; background_color=&#8221;#82ba2e&#8221; locked=&#8221;off&#8221; global_colors_info=&#8221;{}&#8221;][et_pb_column type=&#8221;1_2&#8243; _builder_version=&#8221;4.27.4&#8243; _module_preset=&#8221;default&#8221; global_colors_info=&#8221;{}&#8221;][et_pb_text _builder_version=&#8221;4.27.4&#8243; _module_preset=&#8221;default&#8221; text_font=&#8221;&#8211;et_global_body_font||||||||&#8221; text_text_color=&#8221;#FFFFFF&#8221; text_font_size=&#8221;16px&#8221; transform_scale_tablet=&#8221;&#8221; transform_scale_phone=&#8221;&#8221; transform_scale_last_edited=&#8221;on|desktop&#8221; transform_translate=&#8221;30px|78px&#8221; transform_translate_tablet=&#8221;0px|0px&#8221; transform_translate_phone=&#8221;0px|0px&#8221; transform_translate_last_edited=&#8221;on|desktop&#8221; transform_translate_linked=&#8221;off&#8221; transform_rotate_tablet=&#8221;&#8221; transform_rotate_phone=&#8221;&#8221; transform_rotate_last_edited=&#8221;on|desktop&#8221; transform_skew_tablet=&#8221;&#8221; transform_skew_phone=&#8221;&#8221; transform_skew_last_edited=&#8221;on|desktop&#8221; transform_origin_tablet=&#8221;&#8221; transform_origin_phone=&#8221;&#8221; transform_origin_last_edited=&#8221;on|desktop&#8221; transform_styles_last_edited=&#8221;on|desktop&#8221; custom_margin=&#8221;|10px||10px|false|false&#8221; hover_enabled=&#8221;0&#8243; transform_styles_tablet=&#8221;&#8221; transform_styles_phone=&#8221;&#8221; global_colors_info=&#8221;{}&#8221; sticky_enabled=&#8221;0&#8243;]<h1><span style=\"color: #ffffff;\">BECAS GAMALIEL<\/span><\/h1>\n<p style=\"text-align: justify;\">El proyecto Becas Gamaliel ofrece oportunidades a estudiantes con talento pero desfavorecidos. Su objetivo es apoyar a aquellos que se enfrentan a barreras socioecon\u00f3micas proporcion\u00e1ndoles becas integrales desde primaria hasta bachillerato. Estas becas cubren la matr\u00edcula, los materiales, la tutor\u00eda y la orientaci\u00f3n profesional, fomentando el \u00e9xito acad\u00e9mico y el crecimiento personal de los beneficiarios.<\/p>[\/et_pb_text][\/et_pb_column][et_pb_column type=&#8221;1_2&#8243; _builder_version=&#8221;4.27.4&#8243; _module_preset=&#8221;default&#8221; global_colors_info=&#8221;{}&#8221;][et_pb_image src=&#8221;https:\/\/fundacionqa.org\/wp-content\/uploads\/2025\/06\/becas-gamaliel-scaled.jpg&#8221; title_text=&#8221;becas gamaliel&#8221; _builder_version=&#8221;4.27.4&#8243; _module_preset=&#8221;default&#8221; custom_margin=&#8221;|10px||10px|false|false&#8221; hover_enabled=&#8221;0&#8243; global_colors_info=&#8221;{}&#8221; sticky_enabled=&#8221;0&#8243;][\/et_pb_image][\/et_pb_column][\/et_pb_row][et_pb_row column_structure=&#8221;1_2,1_2&#8243; _builder_version=&#8221;4.27.4&#8243; _module_preset=&#8221;default&#8221; background_color=&#8221;#82ba2e&#8221; locked=&#8221;off&#8221; global_colors_info=&#8221;{}&#8221;][et_pb_column type=&#8221;1_2&#8243; _builder_version=&#8221;4.27.4&#8243; _module_preset=&#8221;default&#8221; global_colors_info=&#8221;{}&#8221;][et_pb_image src=&#8221;https:\/\/fundacionqa.org\/wp-content\/uploads\/2025\/06\/danza-scaled.jpg&#8221; title_text=&#8221;danza&#8221; _builder_version=&#8221;4.27.4&#8243; _module_preset=&#8221;default&#8221; custom_margin=&#8221;|||10px|false|false&#8221; hover_enabled=&#8221;0&#8243; global_colors_info=&#8221;{}&#8221; sticky_enabled=&#8221;0&#8243;][\/et_pb_image][\/et_pb_column][et_pb_column type=&#8221;1_2&#8243; _builder_version=&#8221;4.27.4&#8243; _module_preset=&#8221;default&#8221; global_colors_info=&#8221;{}&#8221;][et_pb_text _builder_version=&#8221;4.27.4&#8243; _module_preset=&#8221;default&#8221; text_font=&#8221;&#8211;et_global_body_font||||||||&#8221; text_text_color=&#8221;#FFFFFF&#8221; transform_scale_tablet=&#8221;&#8221; transform_scale_phone=&#8221;&#8221; transform_scale_last_edited=&#8221;on|desktop&#8221; transform_translate=&#8221;0px|82px&#8221; transform_translate_tablet=&#8221;0px|0px&#8221; transform_translate_phone=&#8221;0px|0px&#8221; transform_translate_last_edited=&#8221;on|desktop&#8221; transform_translate_linked=&#8221;off&#8221; transform_rotate_tablet=&#8221;&#8221; transform_rotate_phone=&#8221;&#8221; transform_rotate_last_edited=&#8221;on|desktop&#8221; transform_skew_tablet=&#8221;&#8221; transform_skew_phone=&#8221;&#8221; transform_skew_last_edited=&#8221;on|desktop&#8221; transform_origin_tablet=&#8221;&#8221; transform_origin_phone=&#8221;&#8221; transform_origin_last_edited=&#8221;on|desktop&#8221; transform_styles_last_edited=&#8221;on|desktop&#8221; custom_margin=&#8221;|10px||10px|false|false&#8221; hover_enabled=&#8221;0&#8243; transform_styles_tablet=&#8221;&#8221; transform_styles_phone=&#8221;&#8221; global_colors_info=&#8221;{}&#8221; sticky_enabled=&#8221;0&#8243;]<h1><span style=\"color: #ffffff;\">clases de m\u00fasica<\/span><br \/><span style=\"color: #ffffff;\">y danza<\/span><\/h1>\n<p style=\"text-align: justify;\">Este proyecto ofrece un espacio educativo para que ni\u00f1os, j\u00f3venes y adultos exploren y desarrollen su pasi\u00f3n por las artes esc\u00e9nicas. Nuestra escuela promueve el crecimiento personal, la expresi\u00f3n art\u00edstica y el bienestar emocional a trav\u00e9s de programas de formaci\u00f3n integral, talleres culturales y actividades creativas que enriquecen la vida de los participantes.<\/p>[\/et_pb_text][\/et_pb_column][\/et_pb_row][\/et_pb_section]","protected":false},"excerpt":{"rendered":"<p>EDUCATION PROJECTS We believe in the transformative power of education and its ability to break the generational cycle of poverty. Our projects range from literacy programs to professional training, offering scholarships and guidance at all educational levels. We aim to empower individuals through knowledge, creating opportunities for a promising and successful future.SCHOLARSHIPS FROMPRIMARY TO HIGHEREDUCATION We establish strategic partnerships with schools, colleges, and universities to ensure access to education for students facing financial barriers. These scholarships cover education from primary school to higher education, providing opportunities for promising talents, and those who had not considered pursuing an academic future. We also offer legal guidance for academic reintegration procedures at all educational levels.EDUCATIONALREINFORCEMENTS We implement educational reinforcement programs offering personalized tutoring, additional resources, and complementary activities designed to strengthen learning. These programs focus on helping children, youth, and adults who struggle academically, supporting them in overcoming challenges and improving their academic performance.GAMALIEL SCHOLARSHIPS The Gamaliel Scholarships project offers opportunities to talented but underprivileged students. Its goal is to support those facing socioeconomic barriers by providing comprehensive scholarships from primary to high school. These scholarships cover tuition, materials, tutoring, and career guidance, fostering academic success and personal growth for the beneficiaries.MUSIC AND [&hellip;]<\/p>","protected":false},"author":4,"featured_media":0,"parent":0,"menu_order":0,"comment_status":"closed","ping_status":"closed","template":"","meta":{"_et_pb_use_builder":"on","_et_pb_old_content":"","_et_gb_content_width":"","footnotes":""},"class_list":["post-254","page","type-page","status-publish","hentry"],"_links":{"self":[{"href":"https:\/\/fundacionqa.org\/es\/wp-json\/wp\/v2\/pages\/254","targetHints":{"allow":["GET"]}}],"collection":[{"href":"https:\/\/fundacionqa.org\/es\/wp-json\/wp\/v2\/pages"}],"about":[{"href":"https:\/\/fundacionqa.org\/es\/wp-json\/wp\/v2\/types\/page"}],"author":[{"embeddable":true,"href":"https:\/\/fundacionqa.org\/es\/wp-json\/wp\/v2\/users\/4"}],"replies":[{"embeddable":true,"href":"https:\/\/fundacionqa.org\/es\/wp-json\/wp\/v2\/comments?post=254"}],"version-history":[{"count":1,"href":"https:\/\/fundacionqa.org\/es\/wp-json\/wp\/v2\/pages\/254\/revisions"}],"predecessor-version":[{"id":275,"href":"https:\/\/fundacionqa.org\/es\/wp-json\/wp\/v2\/pages\/254\/revisions\/275"}],"wp:attachment":[{"href":"https:\/\/fundacionqa.org\/es\/wp-json\/wp\/v2\/media?parent=254"}],"curies":[{"name":"wp","href":"https:\/\/api.w.org\/{rel}","templated":true}]}}